{"id":10002,"date":"2023-01-20T09:19:41","date_gmt":"2023-01-20T09:19:41","guid":{"rendered":"https:\/\/hospitalochoa.com\/?page_id=10002"},"modified":"2023-01-27T11:28:25","modified_gmt":"2023-01-27T11:28:25","slug":"medicos-especialistas","status":"publish","type":"page","link":"https:\/\/hospitalochoa.com\/es\/cirugia-bariatrica\/medicos-especialistas\/","title":{"rendered":"M\u00e9dicos especialistas en Obesidad"},"content":{"rendered":"\n<section class=\"wp-block-group fadeintop read-more is-layout-constrained wp-container-core-group-is-layout-f36bc466 wp-block-group-is-layout-constrained\">\n<div style=\"height:30px\" aria-hidden=\"true\" class=\"wp-block-spacer\"><\/div>\n\n\n\n<h2 class=\"has-text-align-center has-primary-color has-text-color wp-block-heading\" style=\"font-style:normal;font-weight:300\">Expertos en cirug\u00eda bari\u00e1trica y obesidad<\/h2>\n\n\n\n<div style=\"height:35px\" aria-hidden=\"true\" class=\"wp-block-spacer\"><\/div>\n\n\n\n<p>El <a href=\"https:\/\/hospitalochoa.com\/es\/cirugia-bariatrica\/tratamientos\/\"><strong>tratamiento de la obesidad<\/strong><\/a> es complejo ya que nos referimos a pacientes que han realizado numerosas dietas y que, a pesar de las mismas, recaen nuevamente en los malos h\u00e1bitos adquiriendo un mayor peso y agravando su situaci\u00f3n. Por ello, es fundamental que el <strong>paciente se sienta acompa\u00f1ado durante todo el proceso por diversos especialistas<\/strong>, dado que la obesidad suele presentar m\u00e1s enfermedades asociadas.<\/p>\n\n\n\n<p>Nuestro equipo se compone de <strong>especialistas en obesidad<\/strong> tales como un <strong>cirujano, nutricionista y psic\u00f3logo<\/strong>. Estos tres expertos son la pieza clave para que el paciente no solo pierda peso sino que lo mantenga. Nuestro equipo trabaja no solo para que el paciente reduzca su \u00edndice de grasa corporal, sino para que cambie su estilo de vida mostr\u00e1ndole el modo de alimentarse de manera saludable y brind\u00e1ndole las herramientas que debe emplear para afrontar las diferentes situaciones vitales causantes, en la mayor\u00eda de los casos, de la obesidad.<\/p>\n\n\n\n<section class=\"wp-block-group is-layout-constrained wp-container-core-group-is-layout-f36bc466 wp-block-group-is-layout-constrained\">\n<div style=\"height:43px\" aria-hidden=\"true\" class=\"wp-block-spacer\"><\/div>\n\n\n\n<div style=\"height:51px\" aria-hidden=\"true\" class=\"wp-block-spacer\"><\/div>\n\n\n\r\n\r\n\r\n\r\n\r\n<div id=\"doctors-carousel\"\r\n   class=\"fadeintop relative w-full mx-auto mt-8 pt-2 max-w-xs sm:max-w-3xl md:max-w-5xl !overflow-hidden lg:max-w-5xl xl:max-w-full \">\r\n   <div class=\"swiper-wrapper\">\r\n\r\n      \n<article class=\"swiper-slide medico max-w-[340px] w-full sm:mx-0 sm:w-1\/2 sm:ml-0 md:w-1\/3 xl:w-1\/4 px-2 mx-auto mb-10 transition ease-in-out duration-300 hover:scale-[1.02]\">\n    <figure>\n        <a href=\"https:\/\/hospitalochoa.com\/es\/medicos\/dra-veronica-abiles-osinaga\/\">\n            <img decoding=\"async\" src=\"https:\/\/hospitalochoa.com\/wp-content\/uploads\/2023\/01\/no_doctor_image.min_-1.jpg\" alt=\"\" title=\"\" \n            srcset=\"https:\/\/hospitalochoa.com\/wp-content\/uploads\/2023\/01\/no_doctor_image.min_-1-261x300.jpg 261w, https:\/\/hospitalochoa.com\/wp-content\/uploads\/2023\/01\/no_doctor_image.min_-1.jpg 400w\n            \">\n        <\/a>\n\n    <\/figure>\n\n    <div class=\"descrip-medico bg-white flex flex-col items-center min-h-[165px] relative -mt-8 z-20 mx-3 shadow-[0px_0px_10px_0px_rgb(134,134,134)] pt-5 px-[10px] pb-[10px] justify-between md:min-h-[180px] \">\n\n        <div class=\"text-wrapper text-center\">\n\n            <h3 class=\"nombre-medico text-lg font-light mb-0\">Dra. Ver\u00f3nica Abil\u00e9s Osinaga<\/h3>\n\n            <span class=\"especialidad-medico\">\n                <a class=\"uppercase font-light\" href=\"\"><\/a>\n            <\/span>\n\n            <span class=\"tipo-especialidad text-[16px] block !leading-5 italic\">Psicolog\u00eda<\/span>\n        <\/div>\n\n        <a class=\"boton-ver-perfil custom-boton hollow w-full border-secondary hover:!bg-secondary hover:!text-white\" href=\"https:\/\/hospitalochoa.com\/es\/medicos\/dra-veronica-abiles-osinaga\/\">Ver perfil<\/a>\n    <\/div>\n    <input type=\"hidden\" value=\"VER\u00f3NICA ABIL\u00e9S OSINAGA\">\n<\/article>\n\n\n<article class=\"swiper-slide medico max-w-[340px] w-full sm:mx-0 sm:w-1\/2 sm:ml-0 md:w-1\/3 xl:w-1\/4 px-2 mx-auto mb-10 transition ease-in-out duration-300 hover:scale-[1.02]\">\n    <figure>\n        <a href=\"https:\/\/hospitalochoa.com\/es\/medicos\/dra-ana-obispo-entrenas\/\">\n            <img decoding=\"async\" src=\"https:\/\/hospitalochoa.com\/wp-content\/uploads\/2023\/01\/no_doctor_image.min_-1.jpg\" alt=\"\" title=\"\" \n            srcset=\"https:\/\/hospitalochoa.com\/wp-content\/uploads\/2023\/01\/no_doctor_image.min_-1-261x300.jpg 261w, https:\/\/hospitalochoa.com\/wp-content\/uploads\/2023\/01\/no_doctor_image.min_-1.jpg 400w\n            \">\n        <\/a>\n\n    <\/figure>\n\n    <div class=\"descrip-medico bg-white flex flex-col items-center min-h-[165px] relative -mt-8 z-20 mx-3 shadow-[0px_0px_10px_0px_rgb(134,134,134)] pt-5 px-[10px] pb-[10px] justify-between md:min-h-[180px] \">\n\n        <div class=\"text-wrapper text-center\">\n\n            <h3 class=\"nombre-medico text-lg font-light mb-0\">Dra. Ana Obispo Entrenas<\/h3>\n\n            <span class=\"especialidad-medico\">\n                <a class=\"uppercase font-light\" href=\"\"><\/a>\n            <\/span>\n\n            <span class=\"tipo-especialidad text-[16px] block !leading-5 italic\">Cirug\u00eda General y del Aparato Digestivo<\/span>\n        <\/div>\n\n        <a class=\"boton-ver-perfil custom-boton hollow w-full border-secondary hover:!bg-secondary hover:!text-white\" href=\"https:\/\/hospitalochoa.com\/es\/medicos\/dra-ana-obispo-entrenas\/\">Ver perfil<\/a>\n    <\/div>\n    <input type=\"hidden\" value=\"ANA OBISPO ENTRENAS\">\n<\/article>\n\n\n<article class=\"swiper-slide medico max-w-[340px] w-full sm:mx-0 sm:w-1\/2 sm:ml-0 md:w-1\/3 xl:w-1\/4 px-2 mx-auto mb-10 transition ease-in-out duration-300 hover:scale-[1.02]\">\n    <figure>\n        <a href=\"https:\/\/hospitalochoa.com\/es\/medicos\/dra-jimena-abiles-osinaga\/\">\n            <img decoding=\"async\" src=\"https:\/\/hospitalochoa.com\/wp-content\/uploads\/2023\/01\/no_doctor_image.min_-1.jpg\" alt=\"\" title=\"\" \n            srcset=\"https:\/\/hospitalochoa.com\/wp-content\/uploads\/2023\/01\/no_doctor_image.min_-1-261x300.jpg 261w, https:\/\/hospitalochoa.com\/wp-content\/uploads\/2023\/01\/no_doctor_image.min_-1.jpg 400w\n            \">\n        <\/a>\n\n    <\/figure>\n\n    <div class=\"descrip-medico bg-white flex flex-col items-center min-h-[165px] relative -mt-8 z-20 mx-3 shadow-[0px_0px_10px_0px_rgb(134,134,134)] pt-5 px-[10px] pb-[10px] justify-between md:min-h-[180px] \">\n\n        <div class=\"text-wrapper text-center\">\n\n            <h3 class=\"nombre-medico text-lg font-light mb-0\">Dra. Jimena Abil\u00e9s Osinaga<\/h3>\n\n            <span class=\"especialidad-medico\">\n                <a class=\"uppercase font-light\" href=\"\"><\/a>\n            <\/span>\n\n            <span class=\"tipo-especialidad text-[16px] block !leading-5 italic\">Nutrici\u00f3n<\/span>\n        <\/div>\n\n        <a class=\"boton-ver-perfil custom-boton hollow w-full border-secondary hover:!bg-secondary hover:!text-white\" href=\"https:\/\/hospitalochoa.com\/es\/medicos\/dra-jimena-abiles-osinaga\/\">Ver perfil<\/a>\n    <\/div>\n    <input type=\"hidden\" value=\"JIMENA ABIL\u00e9S OSINAGA\">\n<\/article>\n\n\r\n   <\/div>\r\n   <div class=\"swiper-pagination -bottom-2\"><\/div>\r\n<\/div>\r\n\n\n\n\n<div style=\"height:58px\" aria-hidden=\"true\" class=\"wp-block-spacer\"><\/div>\n<\/section>\n<\/section>\n\n\n\n<section class=\"wp-block-group fadeintop is-layout-constrained wp-container-core-group-is-layout-f36bc466 wp-block-group-is-layout-constrained\">\n<div style=\"height:40px\" aria-hidden=\"true\" class=\"wp-block-spacer\"><\/div>\n\n\n\n<div style=\"height:40px\" aria-hidden=\"true\" class=\"wp-block-spacer\"><\/div>\n\n\n\n<section class=\"wp-block-group alignfull shadow-lg is-layout-constrained wp-container-core-group-is-layout-12243e0f wp-block-group-is-layout-constrained\">\n<div class=\"wp-block-cover\"><span aria-hidden=\"true\" class=\"wp-block-cover__background has-background-dim-0 has-background-dim\"><\/span><img decoding=\"async\" width=\"1920\" height=\"428\" class=\"wp-block-cover__image-background wp-image-9576\" alt=\"\" src=\"https:\/\/hospitalochoa.com\/wp-content\/uploads\/2022\/12\/cta.min_.jpg\" data-object-fit=\"cover\" srcset=\"https:\/\/hospitalochoa.com\/wp-content\/uploads\/2022\/12\/cta.min_.jpg 1920w, https:\/\/hospitalochoa.com\/wp-content\/uploads\/2022\/12\/cta.min_-300x67.jpg 300w, https:\/\/hospitalochoa.com\/wp-content\/uploads\/2022\/12\/cta.min_-1024x228.jpg 1024w, https:\/\/hospitalochoa.com\/wp-content\/uploads\/2022\/12\/cta.min_-768x171.jpg 768w, https:\/\/hospitalochoa.com\/wp-content\/uploads\/2022\/12\/cta.min_-1536x342.jpg 1536w\" sizes=\"(max-width: 1920px) 100vw, 1920px\" \/><div class=\"wp-block-cover__inner-container is-layout-flow wp-block-cover-is-layout-flow\">\n<div class=\"wp-block-group border p-4 h-full is-layout-constrained wp-container-core-group-is-layout-12243e0f wp-block-group-is-layout-constrained\">\n<div style=\"height:90px\" aria-hidden=\"true\" class=\"wp-block-spacer\"><\/div>\n\n\n\n<div class=\"wp-block-group is-layout-constrained wp-container-core-group-is-layout-bea02a06 wp-block-group-is-layout-constrained\">\n<div class=\"wp-block-columns is-layout-flex wp-container-core-columns-is-layout-28f84493 wp-block-columns-is-layout-flex\">\n<div class=\"wp-block-column px-4 fadeinright is-layout-flow wp-block-column-is-layout-flow\" style=\"flex-basis:100%\">\n<div style=\"height:20px\" aria-hidden=\"true\" class=\"wp-block-spacer\"><\/div>\n\n\n\n<h2 class=\"has-text-align-left md:text-left wp-block-heading\" style=\"font-style:normal;font-weight:400\">Contacta con nosotros<br>y te asesoraremos<\/h2>\n\n\n\n<div style=\"height:20px\" aria-hidden=\"true\" class=\"wp-block-spacer\"><\/div>\n<\/div>\n\n\n\n<div class=\"wp-block-column px-4 fadeinleft is-layout-flow wp-block-column-is-layout-flow\" style=\"flex-basis:100%\"><div class=\"contact-buttons | flex flex-wrap gap-6 justify-center items-center\">\r\n\r\n<a target=\"_blank\" class=\"hollow border-white max-w-[167px] min-w-[130px] lg:w-full mx-2 group hover:bg-white\"\r\n   href=\"mailto:info@hospitalochoa.com\">\r\n   <div class=\"button-icon\">\r\n\r\n            <!-- svg email -->\r\n      <svg class=\"h-5 w-5 fill-white mr-1 group-hover:fill-secondary\" xmlns=\"http:\/\/www.w3.org\/2000\/svg\"\r\n         viewBox=\"0 0 49.14 36.57\">\r\n         <g id=\"Capa_2\" data-name=\"Capa 2\">\r\n            <g id=\"iconos\">\r\n               <path class=\"\"\r\n                  d=\"M24.61,36.57c-.52,0-12.37-.13-16.13-.52A1,1,0,0,1,7.59,35a1,1,0,0,1,1.1-.89c3.67.38,15.81.5,15.93.51s9.92-.06,16.4-.51l.3,0A5.31,5.31,0,0,0,45,32.29c1-1.05,1.52-3.51,1.64-4.37a77.57,77.57,0,0,0,.45-7.78V16.38c0-3.83-.45-7.77-.45-7.81-.12-.83-.65-3.29-1.62-4.31A5.45,5.45,0,0,0,41.3,2.52l-.35,0C34.54,2,24.71,2,24.61,2s-10,0-16.43.48l-.28,0A5.44,5.44,0,0,0,4.11,4.26c-1,1-1.51,3.49-1.63,4.34A74.7,74.7,0,0,0,2,16.38v3.75a73.29,73.29,0,0,0,.48,7.8,1,1,0,0,1-2,.25,73.82,73.82,0,0,1-.5-8V16.38a75,75,0,0,1,.5-8c.06-.4.58-3.78,2.16-5.45a7.38,7.38,0,0,1,5-2.36l.3,0C14.58,0,24.46,0,24.56,0s10.05,0,16.6.49l.37,0a7.39,7.39,0,0,1,5,2.37c1.57,1.65,2.09,5,2.15,5.42a79.35,79.35,0,0,1,.47,8.06v3.75a78,78,0,0,1-.47,8c-.06.4-.58,3.78-2.15,5.47a7.24,7.24,0,0,1-5,2.36l-.31,0C34.61,36.51,24.71,36.57,24.61,36.57Z\">\r\n               <\/path>\r\n               <path class=\"\"\r\n                  d=\"M24.8,23.69a3.68,3.68,0,0,1-2-.59L5.54,10.74A1,1,0,0,1,6.71,9.11L23.92,21.45a1.69,1.69,0,0,0,1.88-.08L42.42,9.12a1,1,0,0,1,1.19,1.61L27,23A3.69,3.69,0,0,1,24.8,23.69Z\">\r\n               <\/path>\r\n            <\/g>\r\n         <\/g>\r\n      <\/svg>\r\n\r\n      \r\n      <!-- svg phone -->\r\n      \r\n   <\/div>\r\n   <div class=\"content flex-wrap\">\r\n      <span id=\"\"\r\n         class=\"w-100 text-sm text-white group-hover:text-secondary\">Contacto<\/span>\r\n   <\/div>\r\n<\/a>\r\n\r\n\r\n<a target=\"_blank\" class=\"hollow border-white max-w-[167px] min-w-[130px] lg:w-full mx-2 group hover:bg-white\"\r\n   href=\"tel:+34951555528\">\r\n   <div class=\"button-icon\">\r\n\r\n      \r\n      <!-- svg phone -->\r\n      \r\n      <svg class=\"h-5 w-5 fill-white mr-1 group-hover:fill-secondary\" xmlns=\"http:\/\/www.w3.org\/2000\/svg\"\r\n         viewBox=\"0 0 38.84 54.86\">\r\n         <g id=\"Capa_2\" data-name=\"Capa 2\">\r\n            <g id=\"iconos\">\r\n               <g id=\"handset\">\r\n                  <path class=\"\"\r\n                     d=\"M31.66,54.86H31.6c-5.87-.05-17.28-8.6-24.27-20.8l-.28-.49C.07,21.38-1.54,7.21,1.39,2.12A3.68,3.68,0,0,1,4.61,0l7.44.34a2.93,2.93,0,0,1,2.38,1.55l.08.15A4.92,4.92,0,0,1,15,4.76c0,.49,0,1.11.08,1.93.16,1.39.38,3.21.62,4.43a3.17,3.17,0,0,1-2.08,3.71l-1.94.52a1.54,1.54,0,0,0-.94.73c-.37.66.29,4,3.63,10.6.51,1,1,1.82,1.23,2.3s.76,1.27,1.36,2.22c4,6.21,6.54,8.48,7.3,8.49a1.54,1.54,0,0,0,1.11-.44l1.42-1.4a3.17,3.17,0,0,1,4.26.07,1,1,0,1,1-1.31,1.51,1.21,1.21,0,0,0-1.55-.15l-1.41,1.4a3.65,3.65,0,0,1-2.55,1c-2,0-5-3.2-9-9.41-.63-1-1.12-1.81-1.41-2.31s-.75-1.35-1.28-2.39C9.27,21,8.06,16.81,9,15.1a3.56,3.56,0,0,1,2.17-1.68l1.93-.52a1.21,1.21,0,0,0,.64-1.41c-.25-1.29-.47-3.16-.64-4.64,0-.9-.07-1.54-.08-2,0-1.28,0-1.44-.3-1.84l-.09-.18A.93.93,0,0,0,12,2.33L4.57,2c-.16,0-.81,0-1.45,1.12C.78,7.19,1.8,20.38,8.79,32.58l.27.47c7,12.22,17.85,19.77,22.56,19.81,1.23,0,1.61-.55,1.72-.73l3.42-6.5a1,1,0,0,0-.1-.91,1,1,0,0,1,1.74-1,2.93,2.93,0,0,1,.14,2.83L35.09,53.1A3.67,3.67,0,0,1,31.66,54.86Z\">\r\n                  <\/path>\r\n               <\/g>\r\n            <\/g>\r\n         <\/g>\r\n      <\/svg>\r\n\r\n      \r\n   <\/div>\r\n   <div class=\"content flex-wrap\">\r\n      <span id=\"\"\r\n         class=\"w-100 text-sm text-white group-hover:text-secondary\">951 555 528<\/span>\r\n   <\/div>\r\n<\/a>\r\n\r\n<\/div>\n<\/div>\n<\/div>\n<\/div>\n\n\n\n<div style=\"height:70px\" aria-hidden=\"true\" class=\"wp-block-spacer\"><\/div>\n<\/div>\n<\/div><\/div>\n<\/section>\n\n\n\n<div style=\"height:40px\" aria-hidden=\"true\" class=\"wp-block-spacer\"><\/div>\n\n\n\n<h2 class=\"has-text-align-center has-primary-color has-text-color wp-block-heading\" style=\"font-style:normal;font-weight:300\">Preguntas frecuentes sobre especialistas en obesidad<\/h2>\n\n\n\n<div style=\"height:40px\" aria-hidden=\"true\" class=\"wp-block-spacer\"><\/div>\n\n\n\r\n\n\n\n\n<div style=\"height:67px\" aria-hidden=\"true\" class=\"wp-block-spacer\"><\/div>\n<\/section>\n","protected":false},"excerpt":{"rendered":"<p>Expertos en cirug\u00eda bari\u00e1trica y obesidad El tratamiento de la obesidad es complejo ya que nos referimos a pacientes que han realizado numerosas dietas y que, a pesar de las mismas, recaen nuevamente en los malos h\u00e1bitos adquiriendo un mayor peso y agravando su situaci\u00f3n. Por ello, es fundamental que el paciente se sienta acompa\u00f1ado [&hellip;]<\/p>\n","protected":false},"author":7,"featured_media":0,"parent":9551,"menu_order":0,"comment_status":"closed","ping_status":"closed","template":"page-cirugia-bariatrica.php","meta":{"_acf_changed":false,"inline_featured_image":false,"footnotes":""},"class_list":["post-10002","page","type-page","status-publish","hentry"],"acf":[],"_links":{"self":[{"href":"https:\/\/hospitalochoa.com\/es\/wp-json\/wp\/v2\/pages\/10002","targetHints":{"allow":["GET"]}}],"collection":[{"href":"https:\/\/hospitalochoa.com\/es\/wp-json\/wp\/v2\/pages"}],"about":[{"href":"https:\/\/hospitalochoa.com\/es\/wp-json\/wp\/v2\/types\/page"}],"author":[{"embeddable":true,"href":"https:\/\/hospitalochoa.com\/es\/wp-json\/wp\/v2\/users\/7"}],"replies":[{"embeddable":true,"href":"https:\/\/hospitalochoa.com\/es\/wp-json\/wp\/v2\/comments?post=10002"}],"version-history":[{"count":0,"href":"https:\/\/hospitalochoa.com\/es\/wp-json\/wp\/v2\/pages\/10002\/revisions"}],"up":[{"embeddable":true,"href":"https:\/\/hospitalochoa.com\/es\/wp-json\/wp\/v2\/pages\/9551"}],"wp:attachment":[{"href":"https:\/\/hospitalochoa.com\/es\/wp-json\/wp\/v2\/media?parent=10002"}],"curies":[{"name":"wp","href":"https:\/\/api.w.org\/{rel}","templated":true}]}}