{"id":10049,"date":"2023-01-20T11:09:02","date_gmt":"2023-01-20T11:09:02","guid":{"rendered":"https:\/\/hospitalochoa.com\/?page_id=10049"},"modified":"2023-01-20T12:13:03","modified_gmt":"2023-01-20T12:13:03","slug":"blog","status":"publish","type":"page","link":"https:\/\/hospitalochoa.com\/es\/cirugia-bariatrica\/blog\/","title":{"rendered":"Blog sobre obesidad"},"content":{"rendered":"\n<section class=\"wp-block-group alignfull shadow-lg is-layout-constrained wp-container-core-group-is-layout-12243e0f wp-block-group-is-layout-constrained\">\n<div class=\"wp-block-cover is-light\" style=\"min-height:462px;aspect-ratio:unset;\"><span aria-hidden=\"true\" class=\"wp-block-cover__background has-background-dim-0 has-background-dim\"><\/span><img decoding=\"async\" width=\"1200\" height=\"1209\" class=\"wp-block-cover__image-background wp-image-9568\" alt=\"cirug\u00eda bari\u00e1trica\" src=\"https:\/\/hospitalochoa.com\/wp-content\/uploads\/2022\/12\/main_image_2.min_.jpg\" style=\"object-position:50% 50%\" data-object-fit=\"cover\" data-object-position=\"50% 50%\" srcset=\"https:\/\/hospitalochoa.com\/wp-content\/uploads\/2022\/12\/main_image_2.min_.jpg 1200w, https:\/\/hospitalochoa.com\/wp-content\/uploads\/2022\/12\/main_image_2.min_-298x300.jpg 298w, https:\/\/hospitalochoa.com\/wp-content\/uploads\/2022\/12\/main_image_2.min_-1016x1024.jpg 1016w, https:\/\/hospitalochoa.com\/wp-content\/uploads\/2022\/12\/main_image_2.min_-150x150.jpg 150w, https:\/\/hospitalochoa.com\/wp-content\/uploads\/2022\/12\/main_image_2.min_-768x774.jpg 768w\" sizes=\"(max-width: 1200px) 100vw, 1200px\" \/><div class=\"wp-block-cover__inner-container is-layout-flow wp-block-cover-is-layout-flow\">\n<div class=\"wp-block-group is-layout-constrained wp-container-core-group-is-layout-12243e0f wp-block-group-is-layout-constrained\">\n<h1 class=\"has-text-align-center has-grey-color has-text-color wp-block-heading\" style=\"font-size:50px;font-style:normal;font-weight:400;text-transform:none\"><strong>Blog sobre Obesidad<\/strong><\/h1>\n<\/div>\n<\/div><\/div>\n<\/section>\n\n\n\n<section class=\"wp-block-group is-layout-constrained wp-container-core-group-is-layout-12243e0f wp-block-group-is-layout-constrained\">\n<div style=\"height:27px\" aria-hidden=\"true\" class=\"wp-block-spacer\"><\/div>\n\n\n\n<p>Como expertos en materia de obesidad, desde <a href=\"https:\/\/hospitalochoa.com\/es\/\"><strong>Hospital Ochoa Marbella<\/strong><\/a> ponemos a disposici\u00f3n de nuestros pacientes un <a href=\"https:\/\/hospitalochoa.com\/es\/cirugia-bariatrica\/\"><strong>servicio de cirug\u00eda bari\u00e1trica<\/strong><\/a>. Adem\u00e1s, nos encargamos de desarrollar contenidos relacionados la obesidad, aportando consejos y lecturas que puedan ayudar a cualquier paciente.<\/p>\n\n\n\n<div style=\"height:74px\" aria-hidden=\"true\" class=\"wp-block-spacer\"><\/div>\n\n\n\n<h2 class=\"has-text-align-center has-primary-color has-text-color wp-block-heading\" style=\"font-style:normal;font-weight:300\">Contenidos sobre la obesidad<\/h2>\n\n\n\r\n\r\n<div id=\"relatedposts\">\r\n\r\n\r\n   \r\n    <div class=\"relatedthumb\">\r\n        <a rel=\"nofollow\" target=\"_blank\" href=\"https:\/\/hospitalochoa.com\/es\/obesidad-infantil-causas-consecuencias\/\"><img decoding=\"async\" width=\"300\" height=\"200\" src=\"https:\/\/hospitalochoa.com\/wp-content\/uploads\/2022\/12\/pexels-tim-samuel-6696870-e1671208492693-300x200.jpg\" class=\"attachment-medium size-medium wp-post-image\" alt=\"El sedentarismo y las bebidas azucaradas son nocivos\" srcset=\"https:\/\/hospitalochoa.com\/wp-content\/uploads\/2022\/12\/pexels-tim-samuel-6696870-e1671208492693-300x200.jpg 300w, https:\/\/hospitalochoa.com\/wp-content\/uploads\/2022\/12\/pexels-tim-samuel-6696870-e1671208492693-1024x683.jpg 1024w, https:\/\/hospitalochoa.com\/wp-content\/uploads\/2022\/12\/pexels-tim-samuel-6696870-e1671208492693-768x512.jpg 768w, https:\/\/hospitalochoa.com\/wp-content\/uploads\/2022\/12\/pexels-tim-samuel-6696870-e1671208492693.jpg 1200w\" sizes=\"(max-width: 300px) 100vw, 300px\" \/>            <span class=\"post-title\">\r\n                Obesidad infantil: Causas y consecuencias            <\/span>\r\n        <\/a>\r\n    <\/div>\r\n\r\n\r\n   \r\n    <div class=\"relatedthumb\">\r\n        <a rel=\"nofollow\" target=\"_blank\" href=\"https:\/\/hospitalochoa.com\/es\/el-higado-graso-causas-tipologia-y-factores-de-riesgo\/\"><img decoding=\"async\" width=\"300\" height=\"200\" src=\"https:\/\/hospitalochoa.com\/wp-content\/uploads\/2022\/07\/higado-graso-300x200.jpg\" class=\"attachment-medium size-medium wp-post-image\" alt=\"higado hepatitis\" srcset=\"https:\/\/hospitalochoa.com\/wp-content\/uploads\/2022\/07\/higado-graso-300x200.jpg 300w, https:\/\/hospitalochoa.com\/wp-content\/uploads\/2022\/07\/higado-graso-768x512.jpg 768w, https:\/\/hospitalochoa.com\/wp-content\/uploads\/2022\/07\/higado-graso.jpg 1000w\" sizes=\"(max-width: 300px) 100vw, 300px\" \/>            <span class=\"post-title\">\r\n                El h\u00edgado graso: causas, tipolog\u00eda y factores de riesgo            <\/span>\r\n        <\/a>\r\n    <\/div>\r\n\r\n\r\n   \r\n    <div class=\"relatedthumb\">\r\n        <a rel=\"nofollow\" target=\"_blank\" href=\"https:\/\/hospitalochoa.com\/es\/la-importancia-del-desayuno-a-debate\/\"><img decoding=\"async\" width=\"300\" height=\"200\" src=\"https:\/\/hospitalochoa.com\/wp-content\/uploads\/2022\/07\/desayuno-300x200.jpg\" class=\"attachment-medium size-medium wp-post-image\" alt=\"desayuno-si-desayuno-no\" srcset=\"https:\/\/hospitalochoa.com\/wp-content\/uploads\/2022\/07\/desayuno-300x200.jpg 300w, https:\/\/hospitalochoa.com\/wp-content\/uploads\/2022\/07\/desayuno-768x512.jpg 768w, https:\/\/hospitalochoa.com\/wp-content\/uploads\/2022\/07\/desayuno.jpg 1024w\" sizes=\"(max-width: 300px) 100vw, 300px\" \/>            <span class=\"post-title\">\r\n                El desayuno a debate: \u00bfes realmente la comida m\u00e1s importante?            <\/span>\r\n        <\/a>\r\n    <\/div>\r\n\r\n\r\n   \r\n    <div class=\"relatedthumb\">\r\n        <a rel=\"nofollow\" target=\"_blank\" href=\"https:\/\/hospitalochoa.com\/es\/propiedades-de-las-legumbres-escudo-contra-la-diabetes-tipo-2\/\"><img decoding=\"async\" width=\"300\" height=\"193\" src=\"https:\/\/hospitalochoa.com\/wp-content\/uploads\/2022\/07\/legumbres-300x193.jpg\" class=\"attachment-medium size-medium wp-post-image\" alt=\"verduras-diabetes\" srcset=\"https:\/\/hospitalochoa.com\/wp-content\/uploads\/2022\/07\/legumbres-300x193.jpg 300w, https:\/\/hospitalochoa.com\/wp-content\/uploads\/2022\/07\/legumbres-768x494.jpg 768w, https:\/\/hospitalochoa.com\/wp-content\/uploads\/2022\/07\/legumbres.jpg 1024w\" sizes=\"(max-width: 300px) 100vw, 300px\" \/>            <span class=\"post-title\">\r\n                Las legumbres, pilar de la dieta mediterr\u00e1nea y escudo contra la diabetes tipo 2            <\/span>\r\n        <\/a>\r\n    <\/div>\r\n\r\n\r\n   \r\n    <div class=\"relatedthumb\">\r\n        <a rel=\"nofollow\" target=\"_blank\" href=\"https:\/\/hospitalochoa.com\/es\/consejos-para-mantener-el-peso-durante-el-verano\/\"><img decoding=\"async\" width=\"300\" height=\"200\" src=\"https:\/\/hospitalochoa.com\/wp-content\/uploads\/2022\/07\/pexels-scott-webb-137615-e1624610970515-300x200.jpg\" class=\"attachment-medium size-medium wp-post-image\" alt=\"\" srcset=\"https:\/\/hospitalochoa.com\/wp-content\/uploads\/2022\/07\/pexels-scott-webb-137615-e1624610970515-300x200.jpg 300w, https:\/\/hospitalochoa.com\/wp-content\/uploads\/2022\/07\/pexels-scott-webb-137615-e1624610970515-768x511.jpg 768w, https:\/\/hospitalochoa.com\/wp-content\/uploads\/2022\/07\/pexels-scott-webb-137615-e1624610970515.jpg 1000w\" sizes=\"(max-width: 300px) 100vw, 300px\" \/>            <span class=\"post-title\">\r\n                Consejos para mantener el peso en verano            <\/span>\r\n        <\/a>\r\n    <\/div>\r\n\r\n\r\n   \r\n    <div class=\"relatedthumb\">\r\n        <a rel=\"nofollow\" target=\"_blank\" href=\"https:\/\/hospitalochoa.com\/es\/alimentos-que-ayudan-a-mantener-un-abdomen-plano\/\"><img decoding=\"async\" width=\"300\" height=\"200\" src=\"https:\/\/hospitalochoa.com\/wp-content\/uploads\/2022\/07\/pexels-julia-volk-5769391-e1627815998517-300x200.jpg\" class=\"attachment-medium size-medium wp-post-image\" alt=\"\" srcset=\"https:\/\/hospitalochoa.com\/wp-content\/uploads\/2022\/07\/pexels-julia-volk-5769391-e1627815998517-300x200.jpg 300w, https:\/\/hospitalochoa.com\/wp-content\/uploads\/2022\/07\/pexels-julia-volk-5769391-e1627815998517-768x511.jpg 768w, https:\/\/hospitalochoa.com\/wp-content\/uploads\/2022\/07\/pexels-julia-volk-5769391-e1627815998517.jpg 1000w\" sizes=\"(max-width: 300px) 100vw, 300px\" \/>            <span class=\"post-title\">\r\n                Alimentos que ayudan a mantener un abdomen plano            <\/span>\r\n        <\/a>\r\n    <\/div>\r\n\r\n\r\n   \r\n    <div class=\"relatedthumb\">\r\n        <a rel=\"nofollow\" target=\"_blank\" href=\"https:\/\/hospitalochoa.com\/es\/el-deficit-de-vitamina-d-causas-y-soluciones\/\"><img decoding=\"async\" width=\"300\" height=\"185\" src=\"https:\/\/hospitalochoa.com\/wp-content\/uploads\/2022\/07\/vitamina-D-300x185.jpg\" class=\"attachment-medium size-medium wp-post-image\" alt=\"d\u00e9ficit de vitamina D\" srcset=\"https:\/\/hospitalochoa.com\/wp-content\/uploads\/2022\/07\/vitamina-D-300x185.jpg 300w, https:\/\/hospitalochoa.com\/wp-content\/uploads\/2022\/07\/vitamina-D-768x475.jpg 768w, https:\/\/hospitalochoa.com\/wp-content\/uploads\/2022\/07\/vitamina-D.jpg 1024w\" sizes=\"(max-width: 300px) 100vw, 300px\" \/>            <span class=\"post-title\">\r\n                \u00bfEs grave el d\u00e9ficit de vitamina D? Causas y soluciones            <\/span>\r\n        <\/a>\r\n    <\/div>\r\n\r\n\r\n<\/div>\r\n\n<\/section>\n\n\n\n<section class=\"wp-block-group alignfull shadow-lg is-layout-constrained wp-container-core-group-is-layout-12243e0f wp-block-group-is-layout-constrained\">\n<div class=\"wp-block-cover\"><span aria-hidden=\"true\" class=\"wp-block-cover__background has-background-dim-0 has-background-dim\"><\/span><img decoding=\"async\" width=\"1920\" height=\"428\" class=\"wp-block-cover__image-background wp-image-9576\" alt=\"\" src=\"https:\/\/hospitalochoa.com\/wp-content\/uploads\/2022\/12\/cta.min_.jpg\" data-object-fit=\"cover\" srcset=\"https:\/\/hospitalochoa.com\/wp-content\/uploads\/2022\/12\/cta.min_.jpg 1920w, https:\/\/hospitalochoa.com\/wp-content\/uploads\/2022\/12\/cta.min_-300x67.jpg 300w, https:\/\/hospitalochoa.com\/wp-content\/uploads\/2022\/12\/cta.min_-1024x228.jpg 1024w, https:\/\/hospitalochoa.com\/wp-content\/uploads\/2022\/12\/cta.min_-768x171.jpg 768w, https:\/\/hospitalochoa.com\/wp-content\/uploads\/2022\/12\/cta.min_-1536x342.jpg 1536w\" sizes=\"(max-width: 1920px) 100vw, 1920px\" \/><div class=\"wp-block-cover__inner-container is-layout-flow wp-block-cover-is-layout-flow\">\n<div class=\"wp-block-group border p-4 h-full is-layout-constrained wp-container-core-group-is-layout-12243e0f wp-block-group-is-layout-constrained\">\n<div style=\"height:90px\" aria-hidden=\"true\" class=\"wp-block-spacer\"><\/div>\n\n\n\n<div class=\"wp-block-group is-layout-constrained wp-container-core-group-is-layout-bea02a06 wp-block-group-is-layout-constrained\">\n<div class=\"wp-block-columns is-layout-flex wp-container-core-columns-is-layout-28f84493 wp-block-columns-is-layout-flex\">\n<div class=\"wp-block-column px-4 fadeinright is-layout-flow wp-block-column-is-layout-flow\" style=\"flex-basis:100%\">\n<div style=\"height:20px\" aria-hidden=\"true\" class=\"wp-block-spacer\"><\/div>\n\n\n\n<h2 class=\"has-text-align-left md:text-left wp-block-heading\" style=\"font-style:normal;font-weight:400\">Contacta con nosotros<br>y te asesoraremos en nuestra unidad de obesidad<\/h2>\n\n\n\n<div style=\"height:20px\" aria-hidden=\"true\" class=\"wp-block-spacer\"><\/div>\n<\/div>\n\n\n\n<div class=\"wp-block-column px-4 fadeinleft is-layout-flow wp-block-column-is-layout-flow\" style=\"flex-basis:100%\"><div class=\"contact-buttons | flex flex-wrap gap-6 justify-center items-center\">\r\n\r\n<a target=\"_blank\" class=\"hollow border-white max-w-[167px] min-w-[130px] lg:w-full mx-2 group hover:bg-white\"\r\n   href=\"mailto:info@hospitalochoa.com\">\r\n   <div class=\"button-icon\">\r\n\r\n            <!-- svg email -->\r\n      <svg class=\"h-5 w-5 fill-white mr-1 group-hover:fill-secondary\" xmlns=\"http:\/\/www.w3.org\/2000\/svg\"\r\n         viewBox=\"0 0 49.14 36.57\">\r\n         <g id=\"Capa_2\" data-name=\"Capa 2\">\r\n            <g id=\"iconos\">\r\n               <path class=\"\"\r\n                  d=\"M24.61,36.57c-.52,0-12.37-.13-16.13-.52A1,1,0,0,1,7.59,35a1,1,0,0,1,1.1-.89c3.67.38,15.81.5,15.93.51s9.92-.06,16.4-.51l.3,0A5.31,5.31,0,0,0,45,32.29c1-1.05,1.52-3.51,1.64-4.37a77.57,77.57,0,0,0,.45-7.78V16.38c0-3.83-.45-7.77-.45-7.81-.12-.83-.65-3.29-1.62-4.31A5.45,5.45,0,0,0,41.3,2.52l-.35,0C34.54,2,24.71,2,24.61,2s-10,0-16.43.48l-.28,0A5.44,5.44,0,0,0,4.11,4.26c-1,1-1.51,3.49-1.63,4.34A74.7,74.7,0,0,0,2,16.38v3.75a73.29,73.29,0,0,0,.48,7.8,1,1,0,0,1-2,.25,73.82,73.82,0,0,1-.5-8V16.38a75,75,0,0,1,.5-8c.06-.4.58-3.78,2.16-5.45a7.38,7.38,0,0,1,5-2.36l.3,0C14.58,0,24.46,0,24.56,0s10.05,0,16.6.49l.37,0a7.39,7.39,0,0,1,5,2.37c1.57,1.65,2.09,5,2.15,5.42a79.35,79.35,0,0,1,.47,8.06v3.75a78,78,0,0,1-.47,8c-.06.4-.58,3.78-2.15,5.47a7.24,7.24,0,0,1-5,2.36l-.31,0C34.61,36.51,24.71,36.57,24.61,36.57Z\">\r\n               <\/path>\r\n               <path class=\"\"\r\n                  d=\"M24.8,23.69a3.68,3.68,0,0,1-2-.59L5.54,10.74A1,1,0,0,1,6.71,9.11L23.92,21.45a1.69,1.69,0,0,0,1.88-.08L42.42,9.12a1,1,0,0,1,1.19,1.61L27,23A3.69,3.69,0,0,1,24.8,23.69Z\">\r\n               <\/path>\r\n            <\/g>\r\n         <\/g>\r\n      <\/svg>\r\n\r\n      \r\n      <!-- svg phone -->\r\n      \r\n   <\/div>\r\n   <div class=\"content flex-wrap\">\r\n      <span id=\"\"\r\n         class=\"w-100 text-sm text-white group-hover:text-secondary\">Contacto<\/span>\r\n   <\/div>\r\n<\/a>\r\n\r\n\r\n<a target=\"_blank\" class=\"hollow border-white max-w-[167px] min-w-[130px] lg:w-full mx-2 group hover:bg-white\"\r\n   href=\"tel:+34951555528\">\r\n   <div class=\"button-icon\">\r\n\r\n      \r\n      <!-- svg phone -->\r\n      \r\n      <svg class=\"h-5 w-5 fill-white mr-1 group-hover:fill-secondary\" xmlns=\"http:\/\/www.w3.org\/2000\/svg\"\r\n         viewBox=\"0 0 38.84 54.86\">\r\n         <g id=\"Capa_2\" data-name=\"Capa 2\">\r\n            <g id=\"iconos\">\r\n               <g id=\"handset\">\r\n                  <path class=\"\"\r\n                     d=\"M31.66,54.86H31.6c-5.87-.05-17.28-8.6-24.27-20.8l-.28-.49C.07,21.38-1.54,7.21,1.39,2.12A3.68,3.68,0,0,1,4.61,0l7.44.34a2.93,2.93,0,0,1,2.38,1.55l.08.15A4.92,4.92,0,0,1,15,4.76c0,.49,0,1.11.08,1.93.16,1.39.38,3.21.62,4.43a3.17,3.17,0,0,1-2.08,3.71l-1.94.52a1.54,1.54,0,0,0-.94.73c-.37.66.29,4,3.63,10.6.51,1,1,1.82,1.23,2.3s.76,1.27,1.36,2.22c4,6.21,6.54,8.48,7.3,8.49a1.54,1.54,0,0,0,1.11-.44l1.42-1.4a3.17,3.17,0,0,1,4.26.07,1,1,0,1,1-1.31,1.51,1.21,1.21,0,0,0-1.55-.15l-1.41,1.4a3.65,3.65,0,0,1-2.55,1c-2,0-5-3.2-9-9.41-.63-1-1.12-1.81-1.41-2.31s-.75-1.35-1.28-2.39C9.27,21,8.06,16.81,9,15.1a3.56,3.56,0,0,1,2.17-1.68l1.93-.52a1.21,1.21,0,0,0,.64-1.41c-.25-1.29-.47-3.16-.64-4.64,0-.9-.07-1.54-.08-2,0-1.28,0-1.44-.3-1.84l-.09-.18A.93.93,0,0,0,12,2.33L4.57,2c-.16,0-.81,0-1.45,1.12C.78,7.19,1.8,20.38,8.79,32.58l.27.47c7,12.22,17.85,19.77,22.56,19.81,1.23,0,1.61-.55,1.72-.73l3.42-6.5a1,1,0,0,0-.1-.91,1,1,0,0,1,1.74-1,2.93,2.93,0,0,1,.14,2.83L35.09,53.1A3.67,3.67,0,0,1,31.66,54.86Z\">\r\n                  <\/path>\r\n               <\/g>\r\n            <\/g>\r\n         <\/g>\r\n      <\/svg>\r\n\r\n      \r\n   <\/div>\r\n   <div class=\"content flex-wrap\">\r\n      <span id=\"\"\r\n         class=\"w-100 text-sm text-white group-hover:text-secondary\">951 555 528<\/span>\r\n   <\/div>\r\n<\/a>\r\n\r\n<\/div>\n<\/div>\n<\/div>\n<\/div>\n\n\n\n<div style=\"height:70px\" aria-hidden=\"true\" class=\"wp-block-spacer\"><\/div>\n<\/div>\n<\/div><\/div>\n<\/section>\n","protected":false},"excerpt":{"rendered":"<p>Como expertos en materia de obesidad, desde Hospital Ochoa Marbella ponemos a disposici\u00f3n de nuestros pacientes un servicio de cirug\u00eda bari\u00e1trica. Adem\u00e1s, nos encargamos de desarrollar contenidos relacionados la obesidad, aportando consejos y lecturas que puedan ayudar a cualquier paciente. Contenidos sobre la obesidad<\/p>\n","protected":false},"author":7,"featured_media":0,"parent":9551,"menu_order":0,"comment_status":"closed","ping_status":"closed","template":"page-cirugia-bariatrica.php","meta":{"_acf_changed":false,"inline_featured_image":false,"footnotes":""},"class_list":["post-10049","page","type-page","status-publish","hentry"],"acf":[],"_links":{"self":[{"href":"https:\/\/hospitalochoa.com\/es\/wp-json\/wp\/v2\/pages\/10049","targetHints":{"allow":["GET"]}}],"collection":[{"href":"https:\/\/hospitalochoa.com\/es\/wp-json\/wp\/v2\/pages"}],"about":[{"href":"https:\/\/hospitalochoa.com\/es\/wp-json\/wp\/v2\/types\/page"}],"author":[{"embeddable":true,"href":"https:\/\/hospitalochoa.com\/es\/wp-json\/wp\/v2\/users\/7"}],"replies":[{"embeddable":true,"href":"https:\/\/hospitalochoa.com\/es\/wp-json\/wp\/v2\/comments?post=10049"}],"version-history":[{"count":0,"href":"https:\/\/hospitalochoa.com\/es\/wp-json\/wp\/v2\/pages\/10049\/revisions"}],"up":[{"embeddable":true,"href":"https:\/\/hospitalochoa.com\/es\/wp-json\/wp\/v2\/pages\/9551"}],"wp:attachment":[{"href":"https:\/\/hospitalochoa.com\/es\/wp-json\/wp\/v2\/media?parent=10049"}],"curies":[{"name":"wp","href":"https:\/\/api.w.org\/{rel}","templated":true}]}}