{"id":176,"date":"2022-06-10T08:07:11","date_gmt":"2022-06-10T08:07:11","guid":{"rendered":"https:\/\/hospitalochoa.com\/?page_id=176"},"modified":"2022-08-18T20:03:24","modified_gmt":"2022-08-18T20:03:24","slug":"cita","status":"publish","type":"page","link":"https:\/\/hospitalochoa.com\/es\/cita\/","title":{"rendered":"Cita M\u00e9dica OnLine"},"content":{"rendered":"\n<h2 class=\"wp-block-heading\">Hemos mejorado nuestra cita previa online para que todos nuestros pacientes se beneficien de un sistema m\u00e1s personalizado y les facilite el poder solicitar cita previa.<\/h2>\n\n\n\n<div style=\"height:20px\" aria-hidden=\"true\" class=\"wp-block-spacer\"><\/div>\n\n\n\n<h2 class=\"wp-block-heading\"> Si usted es cliente, puede darse de alta con los mismo datos que proporcion\u00f3 en el centro. De esta forma podr\u00e1 gestionar sus pr\u00f3ximas citas o  solicitar nuevas.<\/h2>\n\n\n\n<div style=\"height:20px\" aria-hidden=\"true\" class=\"wp-block-spacer\"><\/div>\n\n\n\n<h2 class=\"wp-block-heading\">Si a\u00fan no es paciente de Hospital Ochoa, puede registrarse y una vez acuda a nuestro centro le formalizaremos el alta para que pueda usar nuestro servicio al completo.<\/h2>\n\n\n\n<div style=\"height:70px\" aria-hidden=\"true\" class=\"wp-block-spacer\"><\/div>\n\n\n\n<div class=\"wp-block-buttons is-horizontal is-content-justification-center is-layout-flex wp-container-core-buttons-is-layout-03627597 wp-block-buttons-is-layout-flex\">\n<div class=\"wp-block-button has-custom-font-size has-regular-font-size\"><a class=\"wp-block-button__link has-primary-background-color has-background\" href=\"https:\/\/miochoa.com\" target=\"_blank\" rel=\"noreferrer noopener\">Reservar cita desde Mi Ochoa<\/a><\/div>\n<\/div>\n\n\n\n<div class=\"wp-block-buttons is-content-justification-center is-layout-flex wp-container-core-buttons-is-layout-a89b3969 wp-block-buttons-is-layout-flex\"><\/div>\n","protected":false},"excerpt":{"rendered":"<p>Hemos mejorado nuestra cita previa online para que todos nuestros pacientes se beneficien de un sistema m\u00e1s personalizado y les facilite el poder solicitar cita previa. Si usted es cliente, puede darse de alta con los mismo datos que proporcion\u00f3 en el centro. De esta forma podr\u00e1 gestionar sus pr\u00f3ximas citas o solicitar nuevas. Si [&hellip;]<\/p>\n","protected":false},"author":1,"featured_media":0,"parent":0,"menu_order":0,"comment_status":"closed","ping_status":"closed","template":"","meta":{"_acf_changed":false,"inline_featured_image":false,"footnotes":""},"class_list":["post-176","page","type-page","status-publish","hentry"],"acf":[],"_links":{"self":[{"href":"https:\/\/hospitalochoa.com\/es\/wp-json\/wp\/v2\/pages\/176","targetHints":{"allow":["GET"]}}],"collection":[{"href":"https:\/\/hospitalochoa.com\/es\/wp-json\/wp\/v2\/pages"}],"about":[{"href":"https:\/\/hospitalochoa.com\/es\/wp-json\/wp\/v2\/types\/page"}],"author":[{"embeddable":true,"href":"https:\/\/hospitalochoa.com\/es\/wp-json\/wp\/v2\/users\/1"}],"replies":[{"embeddable":true,"href":"https:\/\/hospitalochoa.com\/es\/wp-json\/wp\/v2\/comments?post=176"}],"version-history":[{"count":0,"href":"https:\/\/hospitalochoa.com\/es\/wp-json\/wp\/v2\/pages\/176\/revisions"}],"wp:attachment":[{"href":"https:\/\/hospitalochoa.com\/es\/wp-json\/wp\/v2\/media?parent=176"}],"curies":[{"name":"wp","href":"https:\/\/api.w.org\/{rel}","templated":true}]}}