{"id":251,"date":"2022-06-13T14:46:42","date_gmt":"2022-06-13T14:46:42","guid":{"rendered":"https:\/\/hospitalochoa.com\/?page_id=251"},"modified":"2022-09-29T09:34:08","modified_gmt":"2022-09-29T09:34:08","slug":"especialidades","status":"publish","type":"page","link":"https:\/\/hospitalochoa.com\/es\/especialidades\/","title":{"rendered":"Especialidades"},"content":{"rendered":"\n<p>La salud de nuestros pacientes es el compromiso de Hospital Ochoa. Todo esto, unido al trato humano, la atenci\u00f3n personalizada y la experiencia de nuestros facultativos son&nbsp;algunas de las caracter\u00edsticas que nos destacan para poder alcanzar la confianza de todos nuestros pacientes.<\/p>\n\n\n\n<p>Disponemos de m\u00e1s de 35 especialidades como pueden ser:&nbsp;<strong>pediatr\u00eda, traumatolog\u00eda, ginecolog\u00eda, urolog\u00eda o&nbsp;<a href=\"http:\/\/www.esteticaochoa.com\/\" target=\"_blank\" rel=\"noreferrer noopener\">cirug\u00eda est\u00e9tica<\/a><\/strong>. Todas nuestras especialidades m\u00e9dicas cuentan con el mejor grupo de especialistas para dar una mejor atenci\u00f3n.<\/p>\n\n\n\n<p>A continuaci\u00f3n puede ver todas&nbsp;<strong>nuestras especialidades m\u00e9dicas<\/strong><\/p>\n","protected":false},"excerpt":{"rendered":"<p>La salud de nuestros pacientes es el compromiso de Hospital Ochoa. Todo esto, unido al trato humano, la atenci\u00f3n personalizada y la experiencia de nuestros facultativos son&nbsp;algunas de las caracter\u00edsticas que nos destacan para poder alcanzar la confianza de todos nuestros pacientes. Disponemos de m\u00e1s de 35 especialidades como pueden ser:&nbsp;pediatr\u00eda, traumatolog\u00eda, ginecolog\u00eda, urolog\u00eda o&nbsp;cirug\u00eda [&hellip;]<\/p>\n","protected":false},"author":1,"featured_media":0,"parent":0,"menu_order":0,"comment_status":"closed","ping_status":"closed","template":"page-especialidades.php","meta":{"_acf_changed":false,"inline_featured_image":false,"footnotes":""},"class_list":["post-251","page","type-page","status-publish","hentry"],"acf":[],"_links":{"self":[{"href":"https:\/\/hospitalochoa.com\/es\/wp-json\/wp\/v2\/pages\/251","targetHints":{"allow":["GET"]}}],"collection":[{"href":"https:\/\/hospitalochoa.com\/es\/wp-json\/wp\/v2\/pages"}],"about":[{"href":"https:\/\/hospitalochoa.com\/es\/wp-json\/wp\/v2\/types\/page"}],"author":[{"embeddable":true,"href":"https:\/\/hospitalochoa.com\/es\/wp-json\/wp\/v2\/users\/1"}],"replies":[{"embeddable":true,"href":"https:\/\/hospitalochoa.com\/es\/wp-json\/wp\/v2\/comments?post=251"}],"version-history":[{"count":0,"href":"https:\/\/hospitalochoa.com\/es\/wp-json\/wp\/v2\/pages\/251\/revisions"}],"wp:attachment":[{"href":"https:\/\/hospitalochoa.com\/es\/wp-json\/wp\/v2\/media?parent=251"}],"curies":[{"name":"wp","href":"https:\/\/api.w.org\/{rel}","templated":true}]}}