{"id":253,"date":"2022-06-13T14:47:08","date_gmt":"2022-06-13T14:47:08","guid":{"rendered":"https:\/\/hospitalochoa.com\/?page_id=253"},"modified":"2022-07-26T11:02:07","modified_gmt":"2022-07-26T11:02:07","slug":"contacto","status":"publish","type":"page","link":"https:\/\/hospitalochoa.com\/es\/contacto\/","title":{"rendered":"Escr\u00edbenos"},"content":{"rendered":"\n<div class=\"wp-block-columns flex-wrap is-layout-flex wp-container-core-columns-is-layout-28f84493 wp-block-columns-is-layout-flex\">\n<div class=\"wp-block-column w-full lg:w-1\/2 is-layout-flow wp-block-column-is-layout-flow\">\n<div style=\"height:50px\" aria-hidden=\"true\" class=\"wp-block-spacer\"><\/div>\n\n\n\n<div class=\"wp-block-contact-form-7-contact-form-selector\">\n<div class=\"wpcf7 no-js\" id=\"wpcf7-f766-o1\" lang=\"es-ES\" dir=\"ltr\" data-wpcf7-id=\"766\">\n<div class=\"screen-reader-response\"><p role=\"status\" aria-live=\"polite\" aria-atomic=\"true\"><\/p> <ul><\/ul><\/div>\n<form action=\"\/es\/wp-json\/wp\/v2\/pages\/253#wpcf7-f766-o1\" method=\"post\" class=\"wpcf7-form init\" aria-label=\"Formulario de contacto\" novalidate=\"novalidate\" data-status=\"init\">\n<fieldset class=\"hidden-fields-container\"><input type=\"hidden\" name=\"_wpcf7\" value=\"766\" \/><input type=\"hidden\" name=\"_wpcf7_version\" value=\"6.1.5\" \/><input type=\"hidden\" name=\"_wpcf7_locale\" value=\"es_ES\" \/><input type=\"hidden\" name=\"_wpcf7_unit_tag\" value=\"wpcf7-f766-o1\" \/><input type=\"hidden\" name=\"_wpcf7_container_post\" value=\"0\" \/><input type=\"hidden\" name=\"_wpcf7_posted_data_hash\" value=\"\" \/>\n<\/fieldset>\n<div class=\"form-wrapper flex flex-wrap max-w-lg mx-auto lg:ml-0\">\n\t<div class=\"w-full row col\">\n\t\t<p><label> Nombre*<\/label><br \/>\n<span class=\"wpcf7-form-control-wrap\" data-name=\"your-name\"><input size=\"40\" maxlength=\"400\" class=\"wpcf7-form-control wpcf7-text wpcf7-validates-as-required border px-4 py-2 w-full\" aria-required=\"true\" aria-invalid=\"false\" placeholder=\"Nombre*\" value=\"\" type=\"text\" name=\"your-name\" \/><\/span>\n\t\t<\/p>\n\t<\/div>\n\t<div class=\"w-full row col\">\n\t\t<p><label> Tel\u00e9fono<\/label><br \/>\n<span class=\"wpcf7-form-control-wrap\" data-name=\"your-tel\"><input size=\"40\" maxlength=\"400\" class=\"wpcf7-form-control wpcf7-tel wpcf7-text wpcf7-validates-as-tel border px-4 py-2 w-full\" aria-invalid=\"false\" placeholder=\"Tel\u00e9fono\" value=\"\" type=\"tel\" name=\"your-tel\" \/><\/span>\n\t\t<\/p>\n\t<\/div>\n\t<div class=\"w-full row\">\n\t\t<p><label> Email*<\/label><br \/>\n<span class=\"wpcf7-form-control-wrap\" data-name=\"your-email\"><input size=\"40\" maxlength=\"400\" class=\"wpcf7-form-control wpcf7-email wpcf7-validates-as-required wpcf7-text wpcf7-validates-as-email border px-4 py-2 w-full\" aria-required=\"true\" aria-invalid=\"false\" placeholder=\"Email*\" value=\"\" type=\"email\" name=\"your-email\" \/><\/span>\n\t\t<\/p>\n\t<\/div>\n\t<div class=\"w-full row\">\n\t\t<p><label> Mensaje*<\/label><br \/>\n<span class=\"wpcf7-form-control-wrap\" data-name=\"your-message\"><textarea cols=\"40\" rows=\"4\" maxlength=\"2000\" class=\"wpcf7-form-control wpcf7-textarea wpcf7-validates-as-required border px-4 py-2 w-full\" aria-required=\"true\" aria-invalid=\"false\" placeholder=\"Mensaje*\" name=\"your-message\"><\/textarea><\/span>\n\t\t<\/p>\n\t<\/div>\n\t<div class=\"w-full row\">\n\t\t<p style=\"font-size: 15px; color: #666; line-height: 1.4;\"><br \/>\nSus datos ser\u00e1n tratados por Hospital Ochoa para gestionar su solicitud y enviarle comunicaciones si lo autoriza. Puede ejercer sus derechos y obtener m\u00e1s informaci\u00f3n en nuestra <a href=\"https:\/\/hospitalochoa.com\/es\/politica-de-privacidad\/\" target=\"_blank\" class=\"text-primary\">Pol\u00edtica de Privacidad<\/a>.\n\t\t<\/p>\n\t<\/div>\n\t<div class=\"w-full row\">\n\t\t<p><span class=\"wpcf7-form-control-wrap\" data-name=\"your-acceptance\"><span class=\"wpcf7-form-control wpcf7-acceptance\"><span class=\"wpcf7-list-item\"><input type=\"checkbox\" name=\"your-acceptance\" value=\"1\" aria-invalid=\"false\" \/><\/span><\/span><\/span> He le\u00eddo y acepto la <a class=\"text-primary hover:text-secondary\" href=\"https:\/\/hospitalochoa.com\/es\/politica-de-privacidad\/\" target=\"_blank\">Pol\u00edtica de Privacidad<\/a>\n\t\t<\/p>\n\t<\/div>\n\t<div class=\"w-full row\">\n\t\t<p><span class=\"wpcf7-form-control-wrap\" data-name=\"your-marketing\"><span class=\"wpcf7-form-control wpcf7-acceptance\"><span class=\"wpcf7-list-item\"><input type=\"checkbox\" name=\"your-marketing\" value=\"1\" aria-invalid=\"false\" \/><\/span><\/span><\/span> Autorizo el env\u00edo de comunicaciones comerciales, newsletters y promociones sobre los servicios de Hospital Ochoa a trav\u00e9s de correo electr\u00f3nico o medios electr\u00f3nicos equivalentes.\n\t\t<\/p>\n\t<\/div>\n\t<div class=\"w-full row\">\n\t\t<p><span class=\"block text-center\">Introduzca los caracteres para enviar el formulario<br \/>\n<input type=\"hidden\" name=\"_wpcf7_captcha_challenge_captcha-1\" value=\"2844449027\" \/><img decoding=\"async\" class=\"wpcf7-form-control wpcf7-captchac wpcf7-captcha-captcha-1\" width=\"72\" height=\"24\" alt=\"captcha\" src=\"https:\/\/hospitalochoa.com\/wp-content\/uploads\/wpcf7_captcha\/2844449027.png\" \/> <span class=\"wpcf7-form-control-wrap\" data-name=\"captcha-1\"><input size=\"40\" class=\"wpcf7-form-control wpcf7-captchar\" autocomplete=\"off\" aria-invalid=\"false\" value=\"\" type=\"text\" name=\"captcha-1\" \/><\/span> <\/span>\n\t\t<\/p>\n\t<\/div>\n\t<p><span id=\"wpcf7-69e767ba9293a-wrapper\" class=\"wpcf7-form-control-wrap senuelo-wrap\" style=\"display:none !important; visibility:hidden !important;\"><input id=\"senuelo\"  class=\"wpcf7-form-control wpcf7-text\" type=\"text\" name=\"senuelo\" value=\"\" size=\"40\" tabindex=\"-1\" autocomplete=\"new-password\" \/><\/span>\n\t<\/p>\n\t<div class=\"w-full row\">\n\t\t<p><input class=\"wpcf7-form-control wpcf7-submit has-spinner bg-secondary rounded-full text-white w-full\" type=\"submit\" value=\"Enviar\" \/>\n\t\t<\/p>\n\t<\/div>\n<\/div><p style=\"display: none !important;\" class=\"akismet-fields-container\" data-prefix=\"_wpcf7_ak_\"><label>&#916;<textarea name=\"_wpcf7_ak_hp_textarea\" cols=\"45\" rows=\"8\" maxlength=\"100\"><\/textarea><\/label><input type=\"hidden\" id=\"ak_js_1\" name=\"_wpcf7_ak_js\" value=\"11\"\/><script>document.getElementById( \"ak_js_1\" ).setAttribute( \"value\", ( new Date() ).getTime() );<\/script><\/p><div class=\"wpcf7-response-output\" aria-hidden=\"true\"><\/div>\n<\/form>\n<\/div>\n<\/div>\n<\/div>\n\n\n\n<div class=\"wp-block-column w-full lg:w-1\/2 is-layout-flow wp-block-column-is-layout-flow\">\r\n<header class=\"header-icon w-full justify-center md:justify-start flex lg:w-1\/2 lg:pr-4 mb-4\">\r\n\r\n        <img decoding=\"async\" class=\"max-h-[36px] max-w-[36px] mr-3 lg:mr-4\" src=\"https:\/\/hospitalochoa.com\/wp-content\/uploads\/2022\/06\/marker-contacto.svg\">\r\n    \r\n    <div class=\"title-wrapper \">\r\n        <h2 class=\"entry-title text-2xl leading-tight mb-1 font-light text-primary\">\r\n            Hospital OCHOA        <\/h2>\r\n\r\n        \r\n    <\/div>\r\n<\/header>\r\n\r\n\n\n\n\n<div style=\"height:20px\" aria-hidden=\"true\" class=\"wp-block-spacer\"><\/div>\n\n\n\n<p class=\"direccion-ochoa text-secondary hover:text-primary\"><a href=\"https:\/\/g.page\/hospitalochoa?share\" target=\"_blank\" rel=\"noreferrer noopener nofollow\">Paseo Mar\u00edtimo de Marbella<br>Edif. Mayoral s\/n<br>29602 Marbella<\/a><\/p>\n\n\n\n<div style=\"height:20px\" aria-hidden=\"true\" class=\"wp-block-spacer\"><\/div>\n\n\n\n<iframe class=\"w-full aspect-video h-96 rounded-md\" src=\"https:\/\/www.google.com\/maps\/embed?pb=!1m18!1m12!1m3!1d3206.940577655749!2d-4.883990484429993!3d36.50729648000996!2m3!1f0!2f0!3f0!3m2!1i1024!2i768!4f13.1!3m3!1m2!1s0xd7327f797806ae3%3A0xa43ba01c9a77d9af!2sHospital%20Ochoa!5e0!3m2!1ses!2ses!4v1656500014078!5m2!1ses!2ses\" style=\"border:0;\" allowfullscreen=\"\" loading=\"lazy\" referrerpolicy=\"no-referrer-when-downgrade\"><\/iframe>\n<\/div>\n<\/div>\n\n\n\n<div style=\"height:50px\" aria-hidden=\"true\" class=\"wp-block-spacer\"><\/div>\n\n\n\n<section class=\"wp-block-group parking is-vertical is-layout-flex wp-container-core-group-is-layout-fe9cc265 wp-block-group-is-layout-flex\">\r\n<header class=\"header-icon w-full justify-center md:justify-start flex lg:w-1\/2 lg:pr-4 mb-4\">\r\n\r\n        <img decoding=\"async\" class=\"max-h-[36px] max-w-[36px] mr-3 lg:mr-4\" src=\"https:\/\/hospitalochoa.com\/wp-content\/uploads\/2022\/06\/parking.svg\">\r\n    \r\n    <div class=\"title-wrapper \">\r\n        <h2 class=\"entry-title text-2xl leading-tight mb-1 font-light text-primary\">\r\n            Parking        <\/h2>\r\n\r\n                <span class=\"subtitle text-4 uppercase text-secondary\">\r\n            1H PARKING GRATUITO        <\/span>\r\n        \r\n    <\/div>\r\n<\/header>\r\n\r\n\n\n\n\r\n\r\n<div id=\"parking-list\" class=\"w-full\">\r\n    <ul class=\"flex flex-col items-center md:justify-start md:flex-row mb-0 \">\r\n\r\n            <li class=\"parking-item flex items-center group mb-4 md:mr-8\">\r\n            \r\n            <svg class=\"fill-secondary group-hover:fill-primary h-6 w-6 mr-2 \" xmlns=\"http:\/\/www.w3.org\/2000\/svg\" viewBox=\"0 0 41.73 54.72\"><g id=\"Capa_2\" data-name=\"Capa 2\"><g id=\"iconos\"><g id=\"_Grupo_\" data-name=\"&lt;Grupo&gt;\"><path class=\"cls-1\" d=\"M20.86,54.72a3.34,3.34,0,0,1-2.43-1.06C12.88,47.72,0,32.6,0,20.71A20.9,20.9,0,0,1,38.16,9.12a1,1,0,1,1-1.65,1.13A18.9,18.9,0,0,0,2,20.71C2,32.21,15.69,47.79,19.89,52.3a1.31,1.31,0,0,0,1,.42h0a1.32,1.32,0,0,0,1-.43c4.2-4.52,17.9-20.15,17.9-31.59a1,1,0,1,1,2,0c0,11.83-12.89,27-18.43,32.95a3.34,3.34,0,0,1-2.43,1.06Z\"\/><\/g><g id=\"_Grupo_2\" data-name=\"&lt;Grupo&gt;\"><path class=\"cls-1\" d=\"M20.87,31.37A10.35,10.35,0,1,1,31.21,21,10.36,10.36,0,0,1,20.87,31.37Zm0-18.7A8.35,8.35,0,1,0,29.21,21,8.36,8.36,0,0,0,20.87,12.67Z\"\/><\/g><\/g><\/g><\/svg>\r\n\r\n            <a class=\"group-hover:text-primary text-secondary font-light\" rel=\"nofollow noopener\" href=\"https:\/\/goo.gl\/maps\/GLRnQ5awMeV7tNHA7\" target=\"_blank\">Parking <em>Marbell Center<\/em> a 100 metros<\/a>\r\n        <\/li>\r\n            <li class=\"parking-item flex items-center group mb-4 md:mr-8\">\r\n            \r\n            <svg class=\"fill-secondary group-hover:fill-primary h-6 w-6 mr-2 \" xmlns=\"http:\/\/www.w3.org\/2000\/svg\" viewBox=\"0 0 41.73 54.72\"><g id=\"Capa_2\" data-name=\"Capa 2\"><g id=\"iconos\"><g id=\"_Grupo_\" data-name=\"&lt;Grupo&gt;\"><path class=\"cls-1\" d=\"M20.86,54.72a3.34,3.34,0,0,1-2.43-1.06C12.88,47.72,0,32.6,0,20.71A20.9,20.9,0,0,1,38.16,9.12a1,1,0,1,1-1.65,1.13A18.9,18.9,0,0,0,2,20.71C2,32.21,15.69,47.79,19.89,52.3a1.31,1.31,0,0,0,1,.42h0a1.32,1.32,0,0,0,1-.43c4.2-4.52,17.9-20.15,17.9-31.59a1,1,0,1,1,2,0c0,11.83-12.89,27-18.43,32.95a3.34,3.34,0,0,1-2.43,1.06Z\"\/><\/g><g id=\"_Grupo_2\" data-name=\"&lt;Grupo&gt;\"><path class=\"cls-1\" d=\"M20.87,31.37A10.35,10.35,0,1,1,31.21,21,10.36,10.36,0,0,1,20.87,31.37Zm0-18.7A8.35,8.35,0,1,0,29.21,21,8.36,8.36,0,0,0,20.87,12.67Z\"\/><\/g><\/g><\/g><\/svg>\r\n\r\n            <a class=\"group-hover:text-primary text-secondary font-light\" rel=\"nofollow\" href=\"https:\/\/g.page\/amare-parking-marbella?share\" target=\"_blank\">Parking <em>Hotel Amare<\/em> a 30 metros<\/a>\r\n        <\/li>\r\n    \r\n    <\/ul>\r\n\r\n    <p class=\"message uppercase mt-2 font-light text-lg md:text-xl text-center md:text-left\">ABIERTO DE MARZO A NOVIEMBRE<\/p>\r\n<\/div>\r\n\r\n\n<\/section>\n\n\n\n<div style=\"height:50px\" aria-hidden=\"true\" class=\"wp-block-spacer\"><\/div>\n\n\n\n<section class=\"wp-block-group is-vertical is-layout-flex wp-container-core-group-is-layout-fe9cc265 wp-block-group-is-layout-flex\">\r\n<header class=\"header-icon w-full justify-center md:justify-start flex lg:w-1\/2 lg:pr-4 mb-4\">\r\n\r\n        <img decoding=\"async\" class=\"max-h-[36px] max-w-[36px] mr-3 lg:mr-4\" src=\"https:\/\/hospitalochoa.com\/wp-content\/uploads\/2022\/06\/gastrobar.svg\">\r\n    \r\n    <div class=\"title-wrapper \">\r\n        <h2 class=\"entry-title text-2xl leading-tight mb-1 font-light text-primary\">\r\n            Pan Comido        <\/h2>\r\n\r\n        \r\n    <\/div>\r\n<\/header>\r\n\r\n\n\n\n\n<p class=\"pan-comido-parrafo\">Nuestra cafeter\u00eda, ubicada en el Paseo Mar\u00edtimo, cuenta con una carta variada y un men\u00fa elaborado con platos de cocina tradicional con toque personal del chef.&nbsp; Desde las 8:30 de la ma\u00f1ana tambi\u00e9n se sirven desayunos con zumos naturales y distintos tipos de panes.&nbsp;<\/p>\n\n\n\n<figure class=\"wp-block-image size-full\"><img decoding=\"async\" width=\"1097\" height=\"209\" src=\"https:\/\/hospitalochoa.com\/wp-content\/uploads\/2022\/06\/gastrobar.min_.jpg\" alt=\"\" class=\"wp-image-855\" srcset=\"https:\/\/hospitalochoa.com\/wp-content\/uploads\/2022\/06\/gastrobar.min_.jpg 1097w, https:\/\/hospitalochoa.com\/wp-content\/uploads\/2022\/06\/gastrobar.min_-300x57.jpg 300w, https:\/\/hospitalochoa.com\/wp-content\/uploads\/2022\/06\/gastrobar.min_-1024x195.jpg 1024w, https:\/\/hospitalochoa.com\/wp-content\/uploads\/2022\/06\/gastrobar.min_-768x146.jpg 768w\" sizes=\"(max-width: 1097px) 100vw, 1097px\" \/><\/figure>\n<\/section>\n","protected":false},"excerpt":{"rendered":"<p>Paseo Mar\u00edtimo de MarbellaEdif. Mayoral s\/n29602 Marbella Nuestra cafeter\u00eda, ubicada en el Paseo Mar\u00edtimo, cuenta con una carta variada y un men\u00fa elaborado con platos de cocina tradicional con toque personal del chef.&nbsp; Desde las 8:30 de la ma\u00f1ana tambi\u00e9n se sirven desayunos con zumos naturales y distintos tipos de panes.&nbsp;<\/p>\n","protected":false},"author":1,"featured_media":0,"parent":0,"menu_order":0,"comment_status":"closed","ping_status":"closed","template":"","meta":{"_acf_changed":false,"inline_featured_image":false,"footnotes":""},"class_list":["post-253","page","type-page","status-publish","hentry"],"acf":[],"_links":{"self":[{"href":"https:\/\/hospitalochoa.com\/es\/wp-json\/wp\/v2\/pages\/253","targetHints":{"allow":["GET"]}}],"collection":[{"href":"https:\/\/hospitalochoa.com\/es\/wp-json\/wp\/v2\/pages"}],"about":[{"href":"https:\/\/hospitalochoa.com\/es\/wp-json\/wp\/v2\/types\/page"}],"author":[{"embeddable":true,"href":"https:\/\/hospitalochoa.com\/es\/wp-json\/wp\/v2\/users\/1"}],"replies":[{"embeddable":true,"href":"https:\/\/hospitalochoa.com\/es\/wp-json\/wp\/v2\/comments?post=253"}],"version-history":[{"count":0,"href":"https:\/\/hospitalochoa.com\/es\/wp-json\/wp\/v2\/pages\/253\/revisions"}],"wp:attachment":[{"href":"https:\/\/hospitalochoa.com\/es\/wp-json\/wp\/v2\/media?parent=253"}],"curies":[{"name":"wp","href":"https:\/\/api.w.org\/{rel}","templated":true}]}}