{"id":2671,"date":"2022-07-06T07:36:09","date_gmt":"2022-07-06T07:36:09","guid":{"rendered":"https:\/\/hospitalochoa.com\/?page_id=2671"},"modified":"2022-07-28T07:28:09","modified_gmt":"2022-07-28T07:28:09","slug":"solicitar-cita","status":"publish","type":"page","link":"https:\/\/hospitalochoa.com\/es\/solicitar-cita\/","title":{"rendered":"Solicitar cita"},"content":{"rendered":"\n<div class=\"wp-block-group is-layout-constrained wp-container-core-group-is-layout-b2943673 wp-block-group-is-layout-constrained\">\n<p><strong>La cita<\/strong>\u00a0que usted quiere solicitar\u00a0<strong>no est\u00e1 disponible<\/strong>\u00a0en nuestra plataforma de Cita Online.<br><strong>Env\u00edenos un formulario de contacto<\/strong>\u00a0y le llamaremos lo antes posible.<\/p>\n\n\n\n<div class=\"wpcf7 no-js\" id=\"wpcf7-f7938-o1\" lang=\"es-ES\" dir=\"ltr\" data-wpcf7-id=\"7938\">\n<div class=\"screen-reader-response\"><p role=\"status\" aria-live=\"polite\" aria-atomic=\"true\"><\/p> <ul><\/ul><\/div>\n<form action=\"\/es\/wp-json\/wp\/v2\/pages\/2671#wpcf7-f7938-o1\" method=\"post\" class=\"wpcf7-form init\" aria-label=\"Formulario de contacto\" novalidate=\"novalidate\" data-status=\"init\">\n<fieldset class=\"hidden-fields-container\"><input type=\"hidden\" name=\"_wpcf7\" value=\"7938\" \/><input type=\"hidden\" name=\"_wpcf7_version\" value=\"6.1.5\" \/><input type=\"hidden\" name=\"_wpcf7_locale\" value=\"es_ES\" \/><input type=\"hidden\" name=\"_wpcf7_unit_tag\" value=\"wpcf7-f7938-o1\" \/><input type=\"hidden\" name=\"_wpcf7_container_post\" value=\"0\" \/><input type=\"hidden\" name=\"_wpcf7_posted_data_hash\" value=\"\" \/>\n<\/fieldset>\n<div class=\"form-wrapper flex flex-wrap max-w-lg mx-auto lg:ml-0\">\n\t<div class=\"w-full row col\">\n\t\t<p><label> Nombre*<\/label><br \/>\n<span class=\"wpcf7-form-control-wrap\" data-name=\"your-name\"><input size=\"40\" maxlength=\"400\" class=\"wpcf7-form-control wpcf7-text wpcf7-validates-as-required border px-4 py-2 w-full\" aria-required=\"true\" aria-invalid=\"false\" placeholder=\"Nombre*\" value=\"\" type=\"text\" name=\"your-name\" \/><\/span>\n\t\t<\/p>\n\t<\/div>\n\t<div class=\"w-full row col\">\n\t\t<p><label> Tel\u00e9fono<\/label><br \/>\n<span class=\"wpcf7-form-control-wrap\" data-name=\"your-tel\"><input size=\"40\" maxlength=\"400\" class=\"wpcf7-form-control wpcf7-tel wpcf7-text wpcf7-validates-as-tel border px-4 py-2 w-full\" aria-invalid=\"false\" placeholder=\"Tel\u00e9fono\" value=\"\" type=\"tel\" name=\"your-tel\" \/><\/span>\n\t\t<\/p>\n\t<\/div>\n\t<div class=\"w-full row col\">\n\t\t<p><label> Email*<\/label><br \/>\n<span class=\"wpcf7-form-control-wrap\" data-name=\"your-email\"><input size=\"40\" maxlength=\"400\" class=\"wpcf7-form-control wpcf7-email wpcf7-validates-as-required wpcf7-text wpcf7-validates-as-email border px-4 py-2 w-full\" aria-required=\"true\" aria-invalid=\"false\" placeholder=\"Email*\" value=\"\" type=\"email\" name=\"your-email\" \/><\/span>\n\t\t<\/p>\n\t<\/div>\n\t<div class=\"w-full row col\">\n\t\t<p><label> Compa\u00f1\u00eda*<\/label><br \/>\n<span class=\"wpcf7-form-control-wrap\" data-name=\"Compania\"><input size=\"40\" maxlength=\"400\" class=\"wpcf7-form-control wpcf7-text border px-4 py-2 w-full\" aria-invalid=\"false\" placeholder=\"Compa\u00f1ia\" value=\"\" type=\"text\" name=\"Compania\" \/><\/span>\n\t\t<\/p>\n\t<\/div>\n\t<div class=\"w-full row col\">\n\t\t<p><label> Especialidad*<\/label><br \/>\n<span class=\"wpcf7-form-control-wrap\" data-name=\"especialidad\"><select class=\"wpcf7-form-control wpcf7-select wpcf7-validates-as-required border px-4 py-2 w-full\" aria-required=\"true\" aria-invalid=\"false\" name=\"especialidad\"><option value=\"\">Seleccione la especialidad m\u00e9dica<\/option><option value=\"Alergolog\u00eda\">Alergolog\u00eda<\/option><option value=\"An\u00e1lisis Cl\u00ednicos\">An\u00e1lisis Cl\u00ednicos<\/option><option value=\"Anatom\u00eda Patol\u00f3gica\">Anatom\u00eda Patol\u00f3gica<\/option><option value=\"Anestesiolog\u00eda y Reanimaci\u00f3n\">Anestesiolog\u00eda y Reanimaci\u00f3n<\/option><option value=\"Angiolog\u00eda y Cirug\u00eda Vascular\">Angiolog\u00eda y Cirug\u00eda Vascular<\/option><option value=\"Aparato Digestivo\">Aparato Digestivo<\/option><option value=\"Asesoramiento Gen\u00e9tico\">Asesoramiento Gen\u00e9tico<\/option><option value=\"Cardiolog\u00eda\">Cardiolog\u00eda<\/option><option value=\"Cirug\u00eda Cardiovascular\">Cirug\u00eda Cardiovascular<\/option><option value=\"Cirug\u00eda Est\u00e9tica y Pl\u00e1stica-Reparadora\">Cirug\u00eda Est\u00e9tica y Pl\u00e1stica-Reparadora<\/option><option value=\"Cirug\u00eda General\">Cirug\u00eda General<\/option><option value=\"Cirug\u00eda Maxilofacial\">Cirug\u00eda Maxilofacial<\/option><option value=\"Dermatolog\u00eda\">Dermatolog\u00eda<\/option><option value=\"Endocrinolog\u00eda\">Endocrinolog\u00eda<\/option><option value=\"Equipo Deixis\">Equipo Deixis<\/option><option value=\"Est\u00e9tica Ochoa\">Est\u00e9tica Ochoa<\/option><option value=\"Fisioterapia\">Fisioterapia<\/option><option value=\"Flebolog\u00eda\">Flebolog\u00eda<\/option><option value=\"Geriatr\u00eda\">Geriatr\u00eda<\/option><option value=\"Ginecolog\u00eda\">Ginecolog\u00eda<\/option><option value=\"Hematolog\u00eda\">Hematolog\u00eda<\/option><option value=\"L\u00e1ser rojo de la pr\u00f3stata\">L\u00e1ser rojo de la pr\u00f3stata<\/option><option value=\"Logofoniatr\u00eda\">Logofoniatr\u00eda<\/option><option value=\"Medicina Est\u00e9tica\">Medicina Est\u00e9tica<\/option><option value=\"Medicina Familiar\">Medicina Familiar<\/option><option value=\"Medicina Interna\">Medicina Interna<\/option><option value=\"Neumolog\u00eda\">Neumolog\u00eda<\/option><option value=\"Neurofisiolog\u00eda Cl\u00ednica\">Neurofisiolog\u00eda Cl\u00ednica<\/option><option value=\"Nutrici\u00f3n y Diet\u00e9tica\">Nutrici\u00f3n y Diet\u00e9tica<\/option><option value=\"Odontolog\u00eda\">Odontolog\u00eda<\/option><option value=\"Oftalmolog\u00eda\">Oftalmolog\u00eda<\/option><option value=\"Otorrinolaring\u00f3logos en Marbella\">Otorrinolaring\u00f3logos en Marbella<\/option><option value=\"Pediatr\u00eda\">Pediatr\u00eda<\/option><option value=\"Podolog\u00eda\">Podolog\u00eda<\/option><option value=\"Psicolog\u00eda\">Psicolog\u00eda<\/option><option value=\"Psiquiatr\u00eda\">Psiquiatr\u00eda<\/option><option value=\"Radiolog\u00eda\">Radiolog\u00eda<\/option><option value=\"ReLEx Smile\">ReLEx Smile<\/option><option value=\"Reproducci\u00f3n Asistida\">Reproducci\u00f3n Asistida<\/option><option value=\"Reumatolog\u00eda\">Reumatolog\u00eda<\/option><option value=\"Servicio de Urgencias 24h\">Servicio de Urgencias 24h<\/option><option value=\"Traumatolog\u00eda\">Traumatolog\u00eda<\/option><option value=\"Traumat\u00f3logo de cadera en Marbella\">Traumat\u00f3logo de cadera en Marbella<\/option><option value=\"Traumat\u00f3logo de columna en Marbella\">Traumat\u00f3logo de columna en Marbella<\/option><option value=\"Traumat\u00f3logo de hombro en Marbella\">Traumat\u00f3logo de hombro en Marbella<\/option><option value=\"Traumat\u00f3logo de pie y tobillo en Marbella\">Traumat\u00f3logo de pie y tobillo en Marbella<\/option><option value=\"Traumat\u00f3logo de rodilla en Marbella\">Traumat\u00f3logo de rodilla en Marbella<\/option><option value=\"Traumat\u00f3logo especialista en la mano, mu\u00f1eca y codo en Marbella\">Traumat\u00f3logo especialista en la mano, mu\u00f1eca y codo en Marbella<\/option><option value=\"Unidad de Chequeos M\u00e9dicos\">Unidad de Chequeos M\u00e9dicos<\/option><option value=\"Unidad de Lesionados de Tr\u00e1fico\">Unidad de Lesionados de Tr\u00e1fico<\/option><option value=\"Unidad de Mama\">Unidad de Mama<\/option><option value=\"Unidad de Miembro Superior\">Unidad de Miembro Superior<\/option><option value=\"Unidad de Odontopediatr\u00eda\">Unidad de Odontopediatr\u00eda<\/option><option value=\"Unidad de Osteoporosis\">Unidad de Osteoporosis<\/option><option value=\"Unidad del Dolor\">Unidad del Dolor<\/option><option value=\"Urolog\u00eda\">Urolog\u00eda<\/option><\/select><\/span>\n\t\t<\/p>\n\t<\/div>\n\t<div class=\"w-full row\">\n\t\t<p><label> Obeservaciones*<\/label><br \/>\n<span class=\"wpcf7-form-control-wrap\" data-name=\"your-message\"><textarea cols=\"40\" rows=\"4\" maxlength=\"2000\" class=\"wpcf7-form-control wpcf7-textarea wpcf7-validates-as-required border px-4 py-2 w-full\" aria-required=\"true\" aria-invalid=\"false\" placeholder=\"Ind\u00edquenos el m\u00e9dico y el motivo de su consulta*\" name=\"your-message\"><\/textarea><\/span>\n\t\t<\/p>\n\t<\/div>\n\t<div class=\"w-full row\">\n\t\t<p><span class=\"wpcf7-form-control-wrap\" data-name=\"your-acceptance\"><span class=\"wpcf7-form-control wpcf7-acceptance\"><span class=\"wpcf7-list-item\"><input type=\"checkbox\" name=\"your-acceptance\" value=\"1\" aria-invalid=\"false\" \/><\/span><\/span><\/span> He le\u00eddo y acepto la <a class=\"text-primary hover:text-secondary\" href=\"https:\/\/hospitalochoa.com\/es\/politica-de-privacidad\/\" target=\"_blank\">Pol\u00edtica de Privacidad<\/a>\n\t\t<\/p>\n\t<\/div>\n\t<div class=\"w-full row\">\n\t\t<p><span class=\"block text-center\">Introduzca los caracteres para enviar el formulario<br \/>\n<input type=\"hidden\" name=\"_wpcf7_captcha_challenge_captcha-1\" value=\"1319864121\" \/><img decoding=\"async\" class=\"wpcf7-form-control wpcf7-captchac wpcf7-captcha-captcha-1\" width=\"72\" height=\"24\" alt=\"captcha\" src=\"https:\/\/hospitalochoa.com\/wp-content\/uploads\/wpcf7_captcha\/1319864121.png\" \/> <span class=\"wpcf7-form-control-wrap\" data-name=\"captcha-1\"><input size=\"40\" class=\"wpcf7-form-control wpcf7-captchar\" autocomplete=\"off\" aria-invalid=\"false\" value=\"\" type=\"text\" name=\"captcha-1\" \/><\/span> <\/span>\n\t\t<\/p>\n\t<\/div>\n\t<p><span id=\"wpcf7-69ea0ecb83d28-wrapper\" class=\"wpcf7-form-control-wrap senuelo-wrap\" style=\"display:none !important; visibility:hidden !important;\"><input id=\"senuelo\"  class=\"wpcf7-form-control wpcf7-text\" type=\"text\" name=\"senuelo\" value=\"\" size=\"40\" tabindex=\"-1\" autocomplete=\"new-password\" \/><\/span>\n\t<\/p>\n\t<div class=\"w-full row\">\n\t\t<p><input class=\"wpcf7-form-control wpcf7-submit has-spinner bg-secondary rounded-full text-white w-full\" type=\"submit\" value=\"Enviar\" \/>\n\t\t<\/p>\n\t<\/div>\n<\/div><p style=\"display: none !important;\" class=\"akismet-fields-container\" data-prefix=\"_wpcf7_ak_\"><label>&#916;<textarea name=\"_wpcf7_ak_hp_textarea\" cols=\"45\" rows=\"8\" maxlength=\"100\"><\/textarea><\/label><input type=\"hidden\" id=\"ak_js_1\" name=\"_wpcf7_ak_js\" value=\"68\"\/><script>document.getElementById( \"ak_js_1\" ).setAttribute( \"value\", ( new Date() ).getTime() );<\/script><\/p><div class=\"wpcf7-response-output\" aria-hidden=\"true\"><\/div>\n<\/form>\n<\/div>\n\n<\/div>\n","protected":false},"excerpt":{"rendered":"<p>La cita\u00a0que usted quiere solicitar\u00a0no est\u00e1 disponible\u00a0en nuestra plataforma de Cita Online.Env\u00edenos un formulario de contacto\u00a0y le llamaremos lo antes posible.<\/p>\n","protected":false},"author":1,"featured_media":0,"parent":0,"menu_order":0,"comment_status":"closed","ping_status":"closed","template":"","meta":{"_acf_changed":false,"inline_featured_image":false,"footnotes":""},"class_list":["post-2671","page","type-page","status-publish","hentry"],"acf":[],"_links":{"self":[{"href":"https:\/\/hospitalochoa.com\/es\/wp-json\/wp\/v2\/pages\/2671","targetHints":{"allow":["GET"]}}],"collection":[{"href":"https:\/\/hospitalochoa.com\/es\/wp-json\/wp\/v2\/pages"}],"about":[{"href":"https:\/\/hospitalochoa.com\/es\/wp-json\/wp\/v2\/types\/page"}],"author":[{"embeddable":true,"href":"https:\/\/hospitalochoa.com\/es\/wp-json\/wp\/v2\/users\/1"}],"replies":[{"embeddable":true,"href":"https:\/\/hospitalochoa.com\/es\/wp-json\/wp\/v2\/comments?post=2671"}],"version-history":[{"count":0,"href":"https:\/\/hospitalochoa.com\/es\/wp-json\/wp\/v2\/pages\/2671\/revisions"}],"wp:attachment":[{"href":"https:\/\/hospitalochoa.com\/es\/wp-json\/wp\/v2\/media?parent=2671"}],"curies":[{"name":"wp","href":"https:\/\/api.w.org\/{rel}","templated":true}]}}