{"id":6725,"date":"2022-07-20T06:14:39","date_gmt":"2022-07-20T06:14:39","guid":{"rendered":"https:\/\/hospitalochoa.com\/?page_id=6725"},"modified":"2022-07-20T06:19:38","modified_gmt":"2022-07-20T06:19:38","slug":"magazine","status":"publish","type":"page","link":"https:\/\/hospitalochoa.com\/es\/magazine\/","title":{"rendered":"Magazine OCHOA"},"content":{"rendered":"\r\n<div id=\"magazine-list\" class=\"max-w-[860px] md:ml-14\">\r\n\r\n   \r\n   <div class=\"magazine flex flex-wrap items-center sm:inline-block mb-4\">\r\n            <figure class=\"show-file bg-primary cursor-pointer w-1\/3 sm:w-1\/5 sm:float-left\" data-file=\"https:\/\/hospitalochoa.com\/wp-content\/uploads\/2023\/05\/OCHOA-MAGAZINE-n5-.pdf\">\r\n         <img decoding=\"async\" width=\"794\" height=\"1123\" src=\"https:\/\/hospitalochoa.com\/wp-content\/uploads\/2023\/05\/OCHOA-MAGAZINE-n5-_Page1.jpg\" class=\"attachment-post-thumbnail size-post-thumbnail wp-post-image\" alt=\"\" srcset=\"https:\/\/hospitalochoa.com\/wp-content\/uploads\/2023\/05\/OCHOA-MAGAZINE-n5-_Page1.jpg 794w, https:\/\/hospitalochoa.com\/wp-content\/uploads\/2023\/05\/OCHOA-MAGAZINE-n5-_Page1-212x300.jpg 212w, https:\/\/hospitalochoa.com\/wp-content\/uploads\/2023\/05\/OCHOA-MAGAZINE-n5-_Page1-724x1024.jpg 724w, https:\/\/hospitalochoa.com\/wp-content\/uploads\/2023\/05\/OCHOA-MAGAZINE-n5-_Page1-768x1086.jpg 768w\" sizes=\"(max-width: 794px) 100vw, 794px\" \/>      <\/figure>\r\n\r\n      <div class=\"magazine-title w-2\/3 sm:w-4\/5 pl-4 mt-3 float-right\">\r\n         <time class=\"w-full text-primary\/50\">13\/05\/2023<\/time>\r\n\r\n         <h2 class=\"font-normal text-lg mb-0\">\r\n            Ochoa Magazine N\u00ba5         <\/h2>\r\n      <\/div>\r\n\r\n\r\n      <div class=\"content w-full p-4 sm:w-4\/5 sm:float-right sm:p-0 sm:pl-4\">\r\n\r\n         <div class=\"magazine-descript w-full\">\r\n            <div class=\"descript line-clamp-2 line-clamp-more\">\r\n               <p><span class=\"fontstyle0\">Ochoa, 25 a\u00f1os comprometidos con la salud y el bienestar<\/span><\/p>\n \r\n            <\/div>\r\n            \r\n            <span class=\"line-clamp-more-link cursor-pointer italic text-sm text-primary flex items-center\">...leer \r\n\r\n               <svg xmlns=\"http:\/\/www.w3.org\/2000\/svg\" class=\"h-4 w-4 -mt-[1px] plus\" fill=\"none\" viewBox=\"0 0 24 24\" stroke=\"currentColor\" stroke-width=\"2\">\r\n                  <path stroke-linecap=\"round\" stroke-linejoin=\"round\" d=\"M12 6v6m0 0v6m0-6h6m-6 0H6\" \/>\r\n               <\/svg>\r\n\r\n               <svg xmlns=\"http:\/\/www.w3.org\/2000\/svg\" class=\"h-4 w-4 ml-1 minus hidden\" fill=\"none\" viewBox=\"0 0 24 24\" stroke=\"currentColor\" stroke-width=\"2\">\r\n                  <path stroke-linecap=\"round\" stroke-linejoin=\"round\" d=\"M18 12H6\" \/>\r\n               <\/svg>\r\n         <\/div>\r\n         \r\n         <span class=\"show-file block mt-4 text-primary w-full cursor-pointer\" data-file=\"https:\/\/hospitalochoa.com\/wp-content\/uploads\/2023\/05\/OCHOA-MAGAZINE-n5-.pdf\">\r\n            Descargar.pdf         <\/span>\r\n      <\/div>\r\n\r\n   <\/div>\r\n\r\n   \r\n   <div class=\"magazine flex flex-wrap items-center sm:inline-block mb-4\">\r\n            <figure class=\"show-file bg-primary cursor-pointer w-1\/3 sm:w-1\/5 sm:float-left\" data-file=\"https:\/\/hospitalochoa.com\/wp-content\/uploads\/2022\/07\/Hospital-Ochoa-Magazine-N4-todo-ES.pdf\">\r\n         <img decoding=\"async\" width=\"796\" height=\"827\" src=\"https:\/\/hospitalochoa.com\/wp-content\/uploads\/2022\/07\/portada-revista-Ochoa-Magazine-n4.jpg\" class=\"attachment-post-thumbnail size-post-thumbnail wp-post-image\" alt=\"\" srcset=\"https:\/\/hospitalochoa.com\/wp-content\/uploads\/2022\/07\/portada-revista-Ochoa-Magazine-n4.jpg 796w, https:\/\/hospitalochoa.com\/wp-content\/uploads\/2022\/07\/portada-revista-Ochoa-Magazine-n4-289x300.jpg 289w, https:\/\/hospitalochoa.com\/wp-content\/uploads\/2022\/07\/portada-revista-Ochoa-Magazine-n4-768x798.jpg 768w\" sizes=\"(max-width: 796px) 100vw, 796px\" \/>      <\/figure>\r\n\r\n      <div class=\"magazine-title w-2\/3 sm:w-4\/5 pl-4 mt-3 float-right\">\r\n         <time class=\"w-full text-primary\/50\">15\/02\/2020<\/time>\r\n\r\n         <h2 class=\"font-normal text-lg mb-0\">\r\n            Ochoa Magazine N\u00ba4         <\/h2>\r\n      <\/div>\r\n\r\n\r\n      <div class=\"content w-full p-4 sm:w-4\/5 sm:float-right sm:p-0 sm:pl-4\">\r\n\r\n         <div class=\"magazine-descript w-full\">\r\n            <div class=\"descript line-clamp-2 line-clamp-more\">\r\n               <p>Esteban Granero pasa reconocimiento m\u00e9dico en Hospital Ochoa | Luis \u00c1ngel Mat\u00e9 se recupera de su peor ca\u00edda en Ochoa | La microdisectomia: cirug\u00eda de \u00faltima generaci\u00f3n para la hernia de disco | Ligamentoplastia de mano, cirug\u00eda in\u00e9dita en la provincia de M\u00e1laga | La importancia del aprendizaje del lenguaje en los ni\u00f1os | \u00bfQuieres saber como mejorar tu rendimiento deportivo? SYNLAB | El desayuno a debate | \u00bfPor qu\u00e9 la depilaci\u00f3n l\u00e1ser Alejandrita es la mejor opci\u00f3n? | Entrevista Dr. Elbaile | Los frutos secos y sus propiedades saludables | La hidradenitis supurativa<\/p>\n \r\n            <\/div>\r\n            \r\n            <span class=\"line-clamp-more-link cursor-pointer italic text-sm text-primary flex items-center\">...leer \r\n\r\n               <svg xmlns=\"http:\/\/www.w3.org\/2000\/svg\" class=\"h-4 w-4 -mt-[1px] plus\" fill=\"none\" viewBox=\"0 0 24 24\" stroke=\"currentColor\" stroke-width=\"2\">\r\n                  <path stroke-linecap=\"round\" stroke-linejoin=\"round\" d=\"M12 6v6m0 0v6m0-6h6m-6 0H6\" \/>\r\n               <\/svg>\r\n\r\n               <svg xmlns=\"http:\/\/www.w3.org\/2000\/svg\" class=\"h-4 w-4 ml-1 minus hidden\" fill=\"none\" viewBox=\"0 0 24 24\" stroke=\"currentColor\" stroke-width=\"2\">\r\n                  <path stroke-linecap=\"round\" stroke-linejoin=\"round\" d=\"M18 12H6\" \/>\r\n               <\/svg>\r\n         <\/div>\r\n         \r\n         <span class=\"show-file block mt-4 text-primary w-full cursor-pointer\" data-file=\"https:\/\/hospitalochoa.com\/wp-content\/uploads\/2022\/07\/Hospital-Ochoa-Magazine-N4-todo-ES.pdf\">\r\n            Descargar.pdf         <\/span>\r\n      <\/div>\r\n\r\n   <\/div>\r\n\r\n   \r\n   <div class=\"magazine flex flex-wrap items-center sm:inline-block mb-4\">\r\n            <figure class=\"show-file bg-primary cursor-pointer w-1\/3 sm:w-1\/5 sm:float-left\" data-file=\"https:\/\/hospitalochoa.com\/wp-content\/uploads\/2022\/07\/Hospital-Ochoa-Magazine-N3.pdf\">\r\n         <img decoding=\"async\" width=\"796\" height=\"827\" src=\"https:\/\/hospitalochoa.com\/wp-content\/uploads\/2022\/07\/portada-revista-Ochoa-Magazine-n3.jpg\" class=\"attachment-post-thumbnail size-post-thumbnail wp-post-image\" alt=\"\" srcset=\"https:\/\/hospitalochoa.com\/wp-content\/uploads\/2022\/07\/portada-revista-Ochoa-Magazine-n3.jpg 796w, https:\/\/hospitalochoa.com\/wp-content\/uploads\/2022\/07\/portada-revista-Ochoa-Magazine-n3-289x300.jpg 289w, https:\/\/hospitalochoa.com\/wp-content\/uploads\/2022\/07\/portada-revista-Ochoa-Magazine-n3-768x798.jpg 768w\" sizes=\"(max-width: 796px) 100vw, 796px\" \/>      <\/figure>\r\n\r\n      <div class=\"magazine-title w-2\/3 sm:w-4\/5 pl-4 mt-3 float-right\">\r\n         <time class=\"w-full text-primary\/50\">01\/07\/2019<\/time>\r\n\r\n         <h2 class=\"font-normal text-lg mb-0\">\r\n            Ochoa Magazine N\u00ba3         <\/h2>\r\n      <\/div>\r\n\r\n\r\n      <div class=\"content w-full p-4 sm:w-4\/5 sm:float-right sm:p-0 sm:pl-4\">\r\n\r\n         <div class=\"magazine-descript w-full\">\r\n            <div class=\"descript line-clamp-2 line-clamp-more\">\r\n               <p>Reconocimiento honorifico a nuestro director y fundador de Hospital Ochoa, Don Pedro Serarno |Nuevo cambio de imagen corporativa despu\u00e9s de 20 a\u00f1os | Primer hospital en Espa\u00f1a donde se implanta la primera Protesis personalizada 3D | ReLEx Smile: Cirug\u00eda refractiva m\u00ednimamente invasiva | Nutrigenetica: personaliza tu dieta y estilo de vida seg\u00fan tus genes SYNLAB | Seis especias para estar sano | Entrevista al Dr. Hernandez Rubi\u00f1o | Las varices: causa y tratamiento | Fisioterapia: servicio especializado en drenaje linf\u00e1tico | Unidad de lesionados de tr\u00e1fico | Las pantallas el chupete de la era digital |\u00bfPor qu\u00e9 hay que vacunarse: razones y riesgos de no hacerlo | Deporte en verano si, pero con protecci\u00f3n.<\/p>\n \r\n            <\/div>\r\n            \r\n            <span class=\"line-clamp-more-link cursor-pointer italic text-sm text-primary flex items-center\">...leer \r\n\r\n               <svg xmlns=\"http:\/\/www.w3.org\/2000\/svg\" class=\"h-4 w-4 -mt-[1px] plus\" fill=\"none\" viewBox=\"0 0 24 24\" stroke=\"currentColor\" stroke-width=\"2\">\r\n                  <path stroke-linecap=\"round\" stroke-linejoin=\"round\" d=\"M12 6v6m0 0v6m0-6h6m-6 0H6\" \/>\r\n               <\/svg>\r\n\r\n               <svg xmlns=\"http:\/\/www.w3.org\/2000\/svg\" class=\"h-4 w-4 ml-1 minus hidden\" fill=\"none\" viewBox=\"0 0 24 24\" stroke=\"currentColor\" stroke-width=\"2\">\r\n                  <path stroke-linecap=\"round\" stroke-linejoin=\"round\" d=\"M18 12H6\" \/>\r\n               <\/svg>\r\n         <\/div>\r\n         \r\n         <span class=\"show-file block mt-4 text-primary w-full cursor-pointer\" data-file=\"https:\/\/hospitalochoa.com\/wp-content\/uploads\/2022\/07\/Hospital-Ochoa-Magazine-N3.pdf\">\r\n            Descargar.pdf         <\/span>\r\n      <\/div>\r\n\r\n   <\/div>\r\n\r\n      \r\n\r\n   <nav class=\"custom-pagination\">\r\n         <\/nav>\t\r\n   <\/div>\r\n\n","protected":false},"excerpt":{"rendered":"","protected":false},"author":1,"featured_media":0,"parent":0,"menu_order":0,"comment_status":"closed","ping_status":"closed","template":"","meta":{"_acf_changed":false,"inline_featured_image":false,"footnotes":""},"class_list":["post-6725","page","type-page","status-publish","hentry"],"acf":[],"_links":{"self":[{"href":"https:\/\/hospitalochoa.com\/es\/wp-json\/wp\/v2\/pages\/6725","targetHints":{"allow":["GET"]}}],"collection":[{"href":"https:\/\/hospitalochoa.com\/es\/wp-json\/wp\/v2\/pages"}],"about":[{"href":"https:\/\/hospitalochoa.com\/es\/wp-json\/wp\/v2\/types\/page"}],"author":[{"embeddable":true,"href":"https:\/\/hospitalochoa.com\/es\/wp-json\/wp\/v2\/users\/1"}],"replies":[{"embeddable":true,"href":"https:\/\/hospitalochoa.com\/es\/wp-json\/wp\/v2\/comments?post=6725"}],"version-history":[{"count":0,"href":"https:\/\/hospitalochoa.com\/es\/wp-json\/wp\/v2\/pages\/6725\/revisions"}],"wp:attachment":[{"href":"https:\/\/hospitalochoa.com\/es\/wp-json\/wp\/v2\/media?parent=6725"}],"curies":[{"name":"wp","href":"https:\/\/api.w.org\/{rel}","templated":true}]}}