{"id":6739,"date":"2022-07-20T09:26:44","date_gmt":"2022-07-20T09:26:44","guid":{"rendered":"https:\/\/hospitalochoa.com\/?page_id=6739"},"modified":"2023-02-08T10:38:41","modified_gmt":"2023-02-08T10:38:41","slug":"aviso-legal","status":"publish","type":"page","link":"https:\/\/hospitalochoa.com\/es\/aviso-legal\/","title":{"rendered":"Aviso legal"},"content":{"rendered":"\n<p>HOSPITAL OCHOA MARBELLA, S.L., con CIF\/NIF n\u00ba: B29819059 y direcci\u00f3n en: Avd. Severo Ochoa, S\/n Edf. Mayoral, 29600 \u2013 Marbella (Malaga), no puede asumir ninguna responsabilidad derivada del uso incorrecto, inapropiado o il\u00edcito de la informaci\u00f3n aparecida en las p\u00e1ginas web de: https:\/\/www.hospitalochoa.com\/<br>Que HOSPITAL OCHOA MARBELLA, S.L. consta inscrita en el Registro Mercantil de&nbsp;Malaga, Tomo 1940, Hoja n\u00ba27249 y con CIF: B-29819059<\/p>\n\n\n\n<p><strong>HOSPITAL Ochoa<\/strong>&nbsp;est\u00e1 relacionada con sociedades que prestan diversos servicios en sus instalaciones, son las siguientes:<\/p>\n\n\n\n<p>\u2013 Cl\u00ednica Ochoa, S.L., con CIF B-29819059<br>\u2013 Dermoestetica Ochoa S.L., con CIF n\u00ba B-92934728<br>\u2013 Club Amigos de Ochoa S.L., con CIF n\u00ba B-92504489<\/p>\n\n\n\n<p>Todas ellas con domicilio social en c\/Llanos de San Ram\u00f3n, Edf. Mayoral s\/n, 29603 M\u00e1laga.<\/p>\n\n\n\n<p>Con los l\u00edmites establecidos en la ley, HOSPITAL OCHOA MARBELLA, S.L. no asume ninguna responsabilidad derivada de la falta de veracidad, integridad, actualizaci\u00f3n y precisi\u00f3n de los datos o informaciones que contienen sus p\u00e1ginas web.<\/p>\n\n\n\n<p>Los contenidos e informaci\u00f3n no vinculan a HOSPITAL OCHOA MARBELLA, S.L. ni constituyen opiniones, consejos o asesoramiento legal de ning\u00fan tipo pues se trata meramente de un servicio ofrecido con car\u00e1cter informativo y divulgativo.<\/p>\n\n\n\n<p>Las p\u00e1ginas de Internet de HOSPITAL OCHOA MARBELLA, S.L. pueden contener enlaces (links) a otras p\u00e1ginas de terceras partes que HOSPITAL OCHOA MARBELLA, S.L. no puede controlar. Por lo tanto, HOSPITAL OCHOA MARBELLA, S.L. no puede asumir responsabilidades por el contenido que pueda aparecer en p\u00e1ginas de terceros. Los textos, im\u00e1genes, sonidos, animaciones, software y el resto de contenidos incluidos en este website son propiedad exclusiva de HOSPITAL OCHOA MARBELLA, S.L. o sus licenciantes. Cualquier acto de transmisi\u00f3n, distribuci\u00f3n, cesi\u00f3n, reproducci\u00f3n, almacenamiento o comunicaci\u00f3n p\u00fablica total o parcial, deber\u00e1 contar con el consentimiento expreso de HOSPITAL OCHOA MARBELLA, S.L..<\/p>\n\n\n\n<p>Asimismo, para acceder a algunos de los servicios que HOSPITAL OCHOA MARBELLA, S.L. ofrece a trav\u00e9s del sitio web, deber\u00e1 proporcionar algunos datos de car\u00e1cter personal. En cumplimiento de lo establecido en el Reglamento (UE) 2016\/679 del Parlamento Europeo y del Consejo, de 27 de abril de 2016, relativo a la protecci\u00f3n de las personas f\u00edsicas en lo que respecta al tratamiento de datos personales y a la libre circulaci\u00f3n de estos datos le informamos que,mediante la cumplimentaci\u00f3n de los&nbsp; presentes formularios, sus datos personales quedar\u00e1n incorporados y ser\u00e1n tratados en los ficheros de HOSPITAL OCHOA MARBELLA, S.L. con el fin de poderle prestar y ofrecer nuestros servicios as\u00ed como para informarle de las mejoras del sitio Web.<\/p>\n\n\n\n<p>Le informamos tambi\u00e9n de que tendr\u00e1 la posibilidad en todo momento de ejercer los derechos de acceso, rectificaci\u00f3n, cancelaci\u00f3n, oposici\u00f3n, limitaci\u00f3n y portabilidad de sus datos de car\u00e1cter personal, de manera gratuita mediante email a: info@hospitalochoa.com o en la direcci\u00f3n: Avd. Severo Ochoa, S\/n Edf. Mayoral, 29600 \u2013 Marbella (Malaga).<\/p>\n","protected":false},"excerpt":{"rendered":"<p>HOSPITAL OCHOA MARBELLA, S.L., con CIF\/NIF n\u00ba: B29819059 y direcci\u00f3n en: Avd. Severo Ochoa, S\/n Edf. Mayoral, 29600 \u2013 Marbella (Malaga), no puede asumir ninguna responsabilidad derivada del uso incorrecto, inapropiado o il\u00edcito de la informaci\u00f3n aparecida en las p\u00e1ginas web de: https:\/\/www.hospitalochoa.com\/Que HOSPITAL OCHOA MARBELLA, S.L. consta inscrita en el Registro Mercantil de&nbsp;Malaga, Tomo [&hellip;]<\/p>\n","protected":false},"author":1,"featured_media":0,"parent":0,"menu_order":0,"comment_status":"closed","ping_status":"closed","template":"","meta":{"_acf_changed":false,"inline_featured_image":false,"footnotes":""},"class_list":["post-6739","page","type-page","status-publish","hentry"],"acf":[],"_links":{"self":[{"href":"https:\/\/hospitalochoa.com\/es\/wp-json\/wp\/v2\/pages\/6739","targetHints":{"allow":["GET"]}}],"collection":[{"href":"https:\/\/hospitalochoa.com\/es\/wp-json\/wp\/v2\/pages"}],"about":[{"href":"https:\/\/hospitalochoa.com\/es\/wp-json\/wp\/v2\/types\/page"}],"author":[{"embeddable":true,"href":"https:\/\/hospitalochoa.com\/es\/wp-json\/wp\/v2\/users\/1"}],"replies":[{"embeddable":true,"href":"https:\/\/hospitalochoa.com\/es\/wp-json\/wp\/v2\/comments?post=6739"}],"version-history":[{"count":0,"href":"https:\/\/hospitalochoa.com\/es\/wp-json\/wp\/v2\/pages\/6739\/revisions"}],"wp:attachment":[{"href":"https:\/\/hospitalochoa.com\/es\/wp-json\/wp\/v2\/media?parent=6739"}],"curies":[{"name":"wp","href":"https:\/\/api.w.org\/{rel}","templated":true}]}}