{"id":6917,"date":"2022-07-26T10:43:32","date_gmt":"2022-07-26T10:43:32","guid":{"rendered":"https:\/\/hospitalochoa.com\/?page_id=6917"},"modified":"2022-07-29T21:22:15","modified_gmt":"2022-07-29T21:22:15","slug":"test-antigenos","status":"publish","type":"page","link":"https:\/\/hospitalochoa.com\/es\/test-antigenos\/","title":{"rendered":"Test ant\u00edgenos"},"content":{"rendered":"\n<header class=\"wp-block-group alignfull header is-layout-constrained wp-container-core-group-is-layout-400bda7f wp-block-group-is-layout-constrained\">\n<div class=\"wp-block-cover is-light has-custom-content-position is-position-bottom-center\"><span aria-hidden=\"true\" class=\"wp-block-cover__background has-background-dim-10 has-background-dim\"><\/span><img decoding=\"async\" width=\"1920\" height=\"456\" class=\"wp-block-cover__image-background wp-image-6983\" alt=\"\" src=\"https:\/\/hospitalochoa.com\/wp-content\/uploads\/2022\/07\/Test-de-antigeno.jpg\" style=\"object-position:50% 50%\" data-object-fit=\"cover\" data-object-position=\"50% 50%\" srcset=\"https:\/\/hospitalochoa.com\/wp-content\/uploads\/2022\/07\/Test-de-antigeno.jpg 1920w, https:\/\/hospitalochoa.com\/wp-content\/uploads\/2022\/07\/Test-de-antigeno-300x71.jpg 300w, https:\/\/hospitalochoa.com\/wp-content\/uploads\/2022\/07\/Test-de-antigeno-1024x243.jpg 1024w, https:\/\/hospitalochoa.com\/wp-content\/uploads\/2022\/07\/Test-de-antigeno-768x182.jpg 768w, https:\/\/hospitalochoa.com\/wp-content\/uploads\/2022\/07\/Test-de-antigeno-1536x365.jpg 1536w\" sizes=\"(max-width: 1920px) 100vw, 1920px\" \/><div class=\"wp-block-cover__inner-container is-layout-flow wp-block-cover-is-layout-flow\">\n<h1 class=\"has-text-align-center has-white-color has-text-color has-xxxl-font-size wp-block-heading\" style=\"font-style:normal;font-weight:200\"><strong>TEST DE ANTICUERPOS<br><\/strong>Test COVID<\/h1>\n\n\n\n<div style=\"height:50px\" aria-hidden=\"true\" class=\"wp-block-spacer\"><\/div>\n<\/div><\/div>\n<\/header>\n\n\n\n<section class=\"wp-block-group mt-10 is-vertical is-layout-flex wp-container-core-group-is-layout-fe9cc265 wp-block-group-is-layout-flex\">\n<h2 class=\"wp-block-heading\">Test de ant\u00edgeno en Marbella para la detecci\u00f3n de COVID-19<\/h2>\n\n\n\n<p class=\"has-xl-font-size\">Su mayor ventaja con respecto a otras pruebas de detecci\u00f3n del SARS-CoV-2 es que sus resultados est\u00e1n disponibles en cuesti\u00f3n de minutos y su sensibilidad es muy alta los primeros d\u00edas desde que se produce la infecci\u00f3n (en los primeros tres d\u00edas es del 100%, y hasta el s\u00e9ptimo d\u00eda es del 90%)<\/p>\n\n\n\n<ul class=\"wp-block-list\"><li>Resultados: en 5 minutos<\/li><li>Tipo de muestra: nasofaringea<\/li><li>Pvp: 45\u20ac<\/li><\/ul>\n\n\n\n<div style=\"height:30px\" aria-hidden=\"true\" class=\"wp-block-spacer\"><\/div>\n\n\n\n<h3 class=\"wp-block-heading\">\u00bfEn qu\u00e9 consiste el test ant\u00edgeno?<\/h3>\n\n\n\n<p>Al igual que la PCR y las IGG el&nbsp;<strong>test ant\u00edgeno<\/strong>&nbsp;es una prueba para el diagn\u00f3stico de la infecci\u00f3n por Covid-19. Se lleva a cabo con la ayuda de un hisopo nasofar\u00edngeo con el que se extraen muestras de las v\u00edas respiratorias para detectar la presencia del ant\u00edgeno, prote\u00edna que se encuentra en la superficie del propio virus.<\/p>\n\n\n\n<p>Este&nbsp;<strong>test r\u00e1pido Covid<\/strong>&nbsp;posee como principal ventaja su inmediatez ya que en s\u00f3lo 5 minutos el paciente podr\u00e1 conocer el resultado del mismo. Otro punto positivo es su gran fiabilidad, principalmente durante los primeros d\u00edas desde que se produjo el contagio llegando al 100% en las primeras 72 horas y al 90% dentro de la primera semana.<\/p>\n\n\n\n<p>Es importante destacar que un negativo no significa que no exista una infecci\u00f3n activa de Covid-19, sino que el contacto con el virus pudo haberse producido con anterioridad a los \u00faltimos 7 d\u00edas y por tanto no se detecta. Otro caso probable es que la persona haya superado la patolog\u00eda y ya no quede rastro viral.<\/p>\n\n\n\n<h3 class=\"wp-block-heading\"><strong>\u00bfCu\u00e1nto cuesta la prueba de ant\u00edgeno en Marbella?<\/strong><\/h3>\n\n\n\n<p>El precio del test de ant\u00edgeno es de 45\u20ac.<\/p>\n\n\n\n<h3 class=\"wp-block-heading\"><strong>\u00bfEn cu\u00e1nto tiempo puedo conocer los resultados del test de ant\u00edgeno?<\/strong><\/h3>\n\n\n\n<p>Los profesionales de Hospital Ochoa en Marbella le entregar\u00e1n los resultados del test ant\u00edgeno Covid en s\u00f3lo 5 minutos tras la realizaci\u00f3n del test, por lo que podr\u00e1 saber si es positivo en el mismo acto.<\/p>\n\n\n\n<h3 class=\"wp-block-heading\">\u00bfCu\u00e1ndo puedo o debo someterme al test de ant\u00edgeno?<\/h3>\n\n\n\n<p>Esta prueba Covid debe realizarse durante los primeros 7 d\u00edas desde la infecci\u00f3n o en los primeros 5 d\u00edas tras la aparici\u00f3n de los s\u00edntomas. Es en esos d\u00edas cuando este test ant\u00edgeno tiene mayor fiabilidad.<\/p>\n<\/section>\n\n\n\n<div class=\"wp-block-group is-vertical is-content-justification-center is-layout-flex wp-container-core-group-is-layout-ce155fab wp-block-group-is-layout-flex\">\r\n\r\n<div id=\"accordion\">\r\n\r\n    \r\n        \r\n        <!-- accordion-tab  -->\r\n        <div class=\"group outline-none accordion-section\" tabindex=\"0\">\r\n            <div\r\n                class=\"group flex pt-3 items-center justify-start transition ease duration-300 cursor-pointer pr-10 relative border-b border-b-primary\">\r\n                <div\r\n                    class=\"h-8 w-8 order-1 bg-primary p-2 items-center inline-flex justify-center transform transition ease duration-300 mr-3 icon-wrapper\">\r\n\r\n                        <svg class=\"fill-white plus transform transition ease duration-300 h-8 h-8\" xmlns=\"http:\/\/www.w3.org\/2000\/svg\" xmlns:xlink=\"http:\/\/www.w3.org\/1999\/xlink\" version=\"1.1\" id=\"Layer_1\" x=\"0px\" y=\"0px\" viewBox=\"0 0 122.881 122.88\" enable-background=\"new 0 0 122.881 122.88\" xml:space=\"preserve\"><g><path d=\"M56.573,4.868c0-0.655,0.132-1.283,0.37-1.859c0.249-0.6,0.61-1.137,1.056-1.583C58.879,0.545,60.097,0,61.44,0 c0.658,0,1.287,0.132,1.863,0.371c0.012,0.005,0.023,0.011,0.037,0.017c0.584,0.248,1.107,0.603,1.543,1.039 c0.881,0.88,1.426,2.098,1.426,3.442c0,0.03-0.002,0.06-0.006,0.089v51.62l51.619,0c0.029-0.003,0.061-0.006,0.09-0.006 c0.656,0,1.285,0.132,1.861,0.371c0.014,0.005,0.025,0.011,0.037,0.017c0.584,0.248,1.107,0.603,1.543,1.039 c0.881,0.88,1.428,2.098,1.428,3.441c0,0.654-0.133,1.283-0.371,1.859c-0.248,0.6-0.609,1.137-1.057,1.583 c-0.445,0.445-0.98,0.806-1.58,1.055v0.001c-0.576,0.238-1.205,0.37-1.861,0.37c-0.029,0-0.061-0.002-0.09-0.006l-51.619,0.001 v51.619c0.004,0.029,0.006,0.06,0.006,0.09c0,0.656-0.133,1.286-0.371,1.861c-0.006,0.014-0.012,0.025-0.018,0.037 c-0.248,0.584-0.602,1.107-1.037,1.543c-0.883,0.882-2.1,1.427-3.443,1.427c-0.654,0-1.283-0.132-1.859-0.371 c-0.6-0.248-1.137-0.609-1.583-1.056c-0.445-0.444-0.806-0.98-1.055-1.58h-0.001c-0.239-0.575-0.371-1.205-0.371-1.861 c0-0.03,0.002-0.061,0.006-0.09V66.303H4.958c-0.029,0.004-0.059,0.006-0.09,0.006c-0.654,0-1.283-0.132-1.859-0.371 c-0.6-0.248-1.137-0.609-1.583-1.056c-0.445-0.445-0.806-0.98-1.055-1.58H0.371C0.132,62.726,0,62.097,0,61.44 c0-0.655,0.132-1.283,0.371-1.859c0.249-0.6,0.61-1.137,1.056-1.583c0.881-0.881,2.098-1.426,3.442-1.426 c0.031,0,0.061,0.002,0.09,0.006l51.62,0l0-51.62C56.575,4.928,56.573,4.898,56.573,4.868L56.573,4.868z\"\/><\/g><\/svg>\r\n\r\n                        <svg class=\"fill-white minus hidden transform transition ease duration-300 h-6 w-6\" xmlns=\"http:\/\/www.w3.org\/2000\/svg\" xmlns:xlink=\"http:\/\/www.w3.org\/1999\/xlink\" version=\"1.1\" id=\"Layer_1\" x=\"0px\" y=\"0px\"  viewBox=\"0 0 122.881 9.737\" enable-background=\"new 0 0 122.881 9.737\" xml:space=\"preserve\"><g><path d=\"M117.922,0.006C117.951,0.002,117.982,0,118.012,0c0.656,0,1.285,0.132,1.861,0.371c0.014,0.005,0.025,0.011,0.037,0.017 c0.584,0.248,1.107,0.603,1.543,1.039c0.881,0.88,1.428,2.098,1.428,3.441c0,0.654-0.133,1.283-0.371,1.859 c-0.248,0.6-0.609,1.137-1.057,1.583c-0.445,0.445-0.98,0.806-1.58,1.055v0.001c-0.576,0.238-1.205,0.37-1.861,0.37 c-0.029,0-0.061-0.002-0.09-0.006c-37.654,0-75.309,0.001-112.964,0.001c-0.029,0.004-0.059,0.006-0.09,0.006 c-0.654,0-1.283-0.132-1.859-0.371c-0.6-0.248-1.137-0.609-1.583-1.056C0.981,7.865,0.621,7.33,0.372,6.73H0.371 C0.132,6.154,0,5.525,0,4.869C0,4.215,0.132,3.586,0.371,3.01c0.249-0.6,0.61-1.137,1.056-1.583 c0.881-0.881,2.098-1.426,3.442-1.426c0.031,0,0.061,0.002,0.09,0.006C42.613,0.006,80.268,0.006,117.922,0.006L117.922,0.006z\"\/><\/g><\/svg>\r\n                    \r\n                <\/div>\r\n                <div class=\"text-secondary transition ease duration-300 order-2\">\r\n                    Indicaciones                <\/div>\r\n                \r\n            <\/div>\r\n            <div class=\"max-h-0 px-4 overflow-hidden ease duration-500 content\">\r\n                <div class=\"p-2 text-gray-400 text-justify\">\r\n                <ul>\n<li>Seg\u00fan el motivo y el tiempo transcurrido el m\u00e9dico determinar\u00e1 que prueba es la que m\u00e1s indicada para el paciente.<\/li>\n<li>Solicite cita previa a trav\u00e9s de nuestra web o llamando al 952861400.<\/li>\n<li>\n<div class=\"jet-hor-timeline-item__card-inner\">\n<div class=\"jet-hor-timeline-item__card-desc\">Desde la aparici\u00f3n de s\u00edntomas o del conocimiento de haber estado en contacto con un positivo, el paciente deber\u00e1 llamar a Salud Responde y tomar las medidas preventivas hasta la realizaci\u00f3n de la prueba.<\/div>\n<\/div>\n<\/li>\n<\/ul>\n                <\/div>\r\n            <\/div>\r\n        <\/div>\r\n                \r\n    \r\n<\/div>\r\n\r\n\n\n\n\n<div style=\"height:80px\" aria-hidden=\"true\" class=\"wp-block-spacer\"><\/div>\n\n\n\r\n\r\n<nav class=\"direct-links flex flex-wrap mx-auto\">\r\n\r\n        <li class=\"link \">\r\n        \r\n        <a class=\"\" target=\"\"  href=\"https:\/\/hospitalochoa.com\/es\/pcr-marbella\/\">\r\n\r\n            <img decoding=\"async\" class=\"h-[50px] w-[50px]\" src=\"https:\/\/hospitalochoa.com\/wp-content\/uploads\/2022\/07\/PCR.svg\" >\r\n            <span class=\"text text-[20px] text-[#54595f] font-semibold\">\r\n                PCR Test COVID            <\/span>\r\n            \r\n        <\/a>\r\n    <\/li>\r\n        <li class=\"link \">\r\n        \r\n        <a class=\"\" target=\"\"  href=\"https:\/\/hospitalochoa.com\/es\/test-anticuerpos-marbella\/\">\r\n\r\n            <img decoding=\"async\" class=\"h-[50px] w-[50px]\" src=\"https:\/\/hospitalochoa.com\/wp-content\/uploads\/2022\/07\/molecular-1.svg\" >\r\n            <span class=\"text text-[20px] text-[#54595f] font-semibold\">\r\n                Test Serol\u00f3gico            <\/span>\r\n            \r\n        <\/a>\r\n    <\/li>\r\n    <\/nav>\r\n\r\n\n<\/div>\n\n\n\n<div class=\"wp-block-group is-layout-constrained wp-container-core-group-is-layout-b8b2d035 wp-block-group-is-layout-constrained\">\n<div class=\"wp-block-group is-vertical is-content-justification-center is-layout-flex wp-container-core-group-is-layout-ce155fab wp-block-group-is-layout-flex\">\n<div style=\"height:80px\" aria-hidden=\"true\" class=\"wp-block-spacer\"><\/div>\n\n\n\n<h2 class=\"has-text-align-center has-primary-color has-text-color has-xxxl-font-size wp-block-heading\" style=\"font-style:normal;font-weight:200\">Nos ponemos en contacto contigo<\/h2>\n\n\n\n<div class=\"wpcf7 no-js\" id=\"wpcf7-f6814-o1\" lang=\"es-ES\" dir=\"ltr\" data-wpcf7-id=\"6814\">\n<div class=\"screen-reader-response\"><p role=\"status\" aria-live=\"polite\" aria-atomic=\"true\"><\/p> <ul><\/ul><\/div>\n<form action=\"\/es\/wp-json\/wp\/v2\/pages\/6917#wpcf7-f6814-o1\" method=\"post\" class=\"wpcf7-form init\" aria-label=\"Formulario de contacto\" novalidate=\"novalidate\" data-status=\"init\">\n<fieldset class=\"hidden-fields-container\"><input type=\"hidden\" name=\"_wpcf7\" value=\"6814\" \/><input type=\"hidden\" name=\"_wpcf7_version\" value=\"6.1.5\" \/><input type=\"hidden\" name=\"_wpcf7_locale\" value=\"es_ES\" \/><input type=\"hidden\" name=\"_wpcf7_unit_tag\" value=\"wpcf7-f6814-o1\" \/><input type=\"hidden\" name=\"_wpcf7_container_post\" value=\"0\" \/><input type=\"hidden\" name=\"_wpcf7_posted_data_hash\" value=\"\" \/>\n<\/fieldset>\n<div class=\"form-wrapper flex flex-wrap max-w-lg mx-auto lg:ml-0\">\n\t<div class=\"w-full row\">\n\t\t<p><span class=\"wpcf7-form-control-wrap\" data-name=\"your-tel\"><input size=\"40\" maxlength=\"400\" class=\"wpcf7-form-control wpcf7-tel wpcf7-validates-as-required wpcf7-text wpcf7-validates-as-tel border px-4 py-2 w-full\" aria-required=\"true\" aria-invalid=\"false\" placeholder=\"Su n\u00famero de tel\u00e9fono*\" value=\"\" type=\"tel\" name=\"your-tel\" \/><\/span>\n\t\t<\/p>\n\t<\/div>\n\t<div class=\"w-full row\">\n\t\t<p><span class=\"wpcf7-form-control-wrap\" data-name=\"your-name\"><input size=\"40\" maxlength=\"400\" class=\"wpcf7-form-control wpcf7-text wpcf7-validates-as-required border px-4 py-2 w-full\" aria-required=\"true\" aria-invalid=\"false\" placeholder=\"Su nombre y apellidos*\" value=\"\" type=\"text\" name=\"your-name\" \/><\/span>\n\t\t<\/p>\n\t<\/div>\n\t<div class=\"w-full row acceptance-wrapper\">\n\t\t<p><span class=\"wpcf7-form-control-wrap\" data-name=\"your-acceptance\"><span class=\"wpcf7-form-control wpcf7-acceptance\"><span class=\"wpcf7-list-item\"><input type=\"checkbox\" name=\"your-acceptance\" value=\"1\" aria-invalid=\"false\" \/><\/span><\/span><\/span> He le\u00eddo y acepto la <a class=\"text-primary hover:text-secondary\" href=\"https:\/\/hospitalochoa.com\/es\/politica-de-privacidad\/\" target=\"_blank\">Pol\u00edtica de Privacidad<\/a>\n\t\t<\/p>\n\t\t<p><span class=\"wpcf7-form-control-wrap\" data-name=\"video-call\"><span class=\"wpcf7-form-control wpcf7-acceptance optional\"><span class=\"wpcf7-list-item\"><input type=\"checkbox\" name=\"video-call\" value=\"1\" aria-invalid=\"false\" \/><\/span><\/span><\/span> *Concertar videollamada\n\t\t<\/p>\n\t<\/div>\n\t<div class=\"w-full row\">\n\t\t<p><span class=\"block text-center\">Introduzca los caracteres para enviar el formulario<br \/>\n<input type=\"hidden\" name=\"_wpcf7_captcha_challenge_captcha-1\" value=\"813568953\" \/><img decoding=\"async\" class=\"wpcf7-form-control wpcf7-captchac wpcf7-captcha-captcha-1\" width=\"72\" height=\"24\" alt=\"captcha\" src=\"https:\/\/hospitalochoa.com\/wp-content\/uploads\/wpcf7_captcha\/813568953.png\" \/> <span class=\"wpcf7-form-control-wrap\" data-name=\"captcha-1\"><input size=\"40\" class=\"wpcf7-form-control wpcf7-captchar\" autocomplete=\"off\" aria-invalid=\"false\" value=\"\" type=\"text\" name=\"captcha-1\" \/><\/span> <\/span>\n\t\t<\/p>\n\t<\/div>\n\t<p><span id=\"wpcf7-69eb9cd7f1b9a-wrapper\" class=\"wpcf7-form-control-wrap senuelo-wrap\" style=\"display:none !important; visibility:hidden !important;\"><input id=\"senuelo\"  class=\"wpcf7-form-control wpcf7-text\" type=\"text\" name=\"senuelo\" value=\"\" size=\"40\" tabindex=\"-1\" autocomplete=\"new-password\" \/><\/span>\n\t<\/p>\n\t<div class=\"w-full row row send\">\n\t\t<p><input class=\"wpcf7-form-control wpcf7-submit has-spinner bg-transparent rounded-full text-primary border border-primary block mx-auto italic w-full\" type=\"submit\" value=\"Enviar\" \/>\n\t\t<\/p>\n\t<\/div>\n<\/div><p style=\"display: none !important;\" class=\"akismet-fields-container\" data-prefix=\"_wpcf7_ak_\"><label>&#916;<textarea name=\"_wpcf7_ak_hp_textarea\" cols=\"45\" rows=\"8\" maxlength=\"100\"><\/textarea><\/label><input type=\"hidden\" id=\"ak_js_1\" name=\"_wpcf7_ak_js\" value=\"194\"\/><script type=\"text\/javascript\">\n\/* <![CDATA[ *\/\ndocument.getElementById( \"ak_js_1\" ).setAttribute( \"value\", ( new Date() ).getTime() );\n\/* ]]> *\/\n<\/script>\n<\/p><div class=\"wpcf7-response-output\" aria-hidden=\"true\"><\/div>\n<\/form>\n<\/div>\n\n<\/div>\n<\/div>\n","protected":false},"excerpt":{"rendered":"<p>Test de ant\u00edgeno en Marbella para la detecci\u00f3n de COVID-19 Su mayor ventaja con respecto a otras pruebas de detecci\u00f3n del SARS-CoV-2 es que sus resultados est\u00e1n disponibles en cuesti\u00f3n de minutos y su sensibilidad es muy alta los primeros d\u00edas desde que se produce la infecci\u00f3n (en los primeros tres d\u00edas es del 100%, [&hellip;]<\/p>\n","protected":false},"author":1,"featured_media":0,"parent":0,"menu_order":0,"comment_status":"closed","ping_status":"closed","template":"","meta":{"_acf_changed":false,"inline_featured_image":false,"footnotes":""},"class_list":["post-6917","page","type-page","status-publish","hentry"],"acf":[],"_links":{"self":[{"href":"https:\/\/hospitalochoa.com\/es\/wp-json\/wp\/v2\/pages\/6917","targetHints":{"allow":["GET"]}}],"collection":[{"href":"https:\/\/hospitalochoa.com\/es\/wp-json\/wp\/v2\/pages"}],"about":[{"href":"https:\/\/hospitalochoa.com\/es\/wp-json\/wp\/v2\/types\/page"}],"author":[{"embeddable":true,"href":"https:\/\/hospitalochoa.com\/es\/wp-json\/wp\/v2\/users\/1"}],"replies":[{"embeddable":true,"href":"https:\/\/hospitalochoa.com\/es\/wp-json\/wp\/v2\/comments?post=6917"}],"version-history":[{"count":0,"href":"https:\/\/hospitalochoa.com\/es\/wp-json\/wp\/v2\/pages\/6917\/revisions"}],"wp:attachment":[{"href":"https:\/\/hospitalochoa.com\/es\/wp-json\/wp\/v2\/media?parent=6917"}],"curies":[{"name":"wp","href":"https:\/\/api.w.org\/{rel}","templated":true}]}}