{"id":8603,"date":"2022-08-16T11:27:47","date_gmt":"2022-08-16T11:27:47","guid":{"rendered":"https:\/\/hospitalochoa.com\/?page_id=8603"},"modified":"2022-08-22T09:08:37","modified_gmt":"2022-08-22T09:08:37","slug":"oferta-de-empleo-enfermeria","status":"publish","type":"page","link":"https:\/\/hospitalochoa.com\/es\/oferta-de-empleo-enfermeria\/","title":{"rendered":"Oferta de empleo | Enfermer\u00eda"},"content":{"rendered":"\n<div class=\"wp-block-columns is-layout-flex wp-container-core-columns-is-layout-28f84493 wp-block-columns-is-layout-flex\">\n<div class=\"wp-block-column is-layout-constrained wp-container-core-column-is-layout-09dca704 wp-block-column-is-layout-constrained\" style=\"flex-basis:100%\">\n<section class=\"wp-block-group is-vertical is-layout-flex wp-container-core-group-is-layout-fe9cc265 wp-block-group-is-layout-flex\">\n<p><p>Le invitamos a formar parte de Hospital Ochoa.<\/p><p>Puede enviarnos sus datos a trav\u00e9s del formulario de contacto que encontrar\u00e1 m\u00e1s abajo. Es necesario que adjunta su Curriculum Vitae.<br>Nos pondremos en contacto con usted lo antes posible.<\/p><\/p>\n\n\n\n<div class=\"ordenador50_movil100\" style=\"border: 1px solid #26aab5;padding:2%;\">\n<span style=\"color:#26aab5 \"><h2>Enfermero\/a<\/h2>\n<p style=\"color:#26aab5\">Oferta publicada el 16\/0\/2022<\/p>\n<p style=\"color:#26aab5\">N\u00ba de vacantes 5<\/p><\/span>\n<ul>\n<li> Ubicaci\u00f3n: Marbella, M\u00e1laga (Espa\u00f1a)<\/li>\n<li>Presencial<\/li>\n<li> Salario: 24.000\u20ac Bruto\/a\u00f1o<\/li>\n<li> Jornada laboral de 40 h. a la semana <\/li>\n<li> Experiencia m\u00ednima: no requerida<\/li>\n<li> Tipo de contrato: indefinido, jornada completa<\/li>\n<\/ul><\/div>\n\n\n\r\n\r\n<div id=\"accordion\">\r\n\r\n    \r\n        \r\n        <!-- accordion-tab  -->\r\n        <div class=\"group outline-none accordion-section\" tabindex=\"0\">\r\n            <div\r\n                class=\"group flex pt-3 items-center justify-start transition ease duration-300 cursor-pointer pr-10 relative border-b border-b-primary\">\r\n                <div\r\n                    class=\"h-8 w-8 order-1 bg-primary p-2 items-center inline-flex justify-center transform transition ease duration-300 mr-3 icon-wrapper\">\r\n\r\n                        <svg class=\"fill-white plus transform transition ease duration-300 h-8 h-8\" xmlns=\"http:\/\/www.w3.org\/2000\/svg\" xmlns:xlink=\"http:\/\/www.w3.org\/1999\/xlink\" version=\"1.1\" id=\"Layer_1\" x=\"0px\" y=\"0px\" viewBox=\"0 0 122.881 122.88\" enable-background=\"new 0 0 122.881 122.88\" xml:space=\"preserve\"><g><path d=\"M56.573,4.868c0-0.655,0.132-1.283,0.37-1.859c0.249-0.6,0.61-1.137,1.056-1.583C58.879,0.545,60.097,0,61.44,0 c0.658,0,1.287,0.132,1.863,0.371c0.012,0.005,0.023,0.011,0.037,0.017c0.584,0.248,1.107,0.603,1.543,1.039 c0.881,0.88,1.426,2.098,1.426,3.442c0,0.03-0.002,0.06-0.006,0.089v51.62l51.619,0c0.029-0.003,0.061-0.006,0.09-0.006 c0.656,0,1.285,0.132,1.861,0.371c0.014,0.005,0.025,0.011,0.037,0.017c0.584,0.248,1.107,0.603,1.543,1.039 c0.881,0.88,1.428,2.098,1.428,3.441c0,0.654-0.133,1.283-0.371,1.859c-0.248,0.6-0.609,1.137-1.057,1.583 c-0.445,0.445-0.98,0.806-1.58,1.055v0.001c-0.576,0.238-1.205,0.37-1.861,0.37c-0.029,0-0.061-0.002-0.09-0.006l-51.619,0.001 v51.619c0.004,0.029,0.006,0.06,0.006,0.09c0,0.656-0.133,1.286-0.371,1.861c-0.006,0.014-0.012,0.025-0.018,0.037 c-0.248,0.584-0.602,1.107-1.037,1.543c-0.883,0.882-2.1,1.427-3.443,1.427c-0.654,0-1.283-0.132-1.859-0.371 c-0.6-0.248-1.137-0.609-1.583-1.056c-0.445-0.444-0.806-0.98-1.055-1.58h-0.001c-0.239-0.575-0.371-1.205-0.371-1.861 c0-0.03,0.002-0.061,0.006-0.09V66.303H4.958c-0.029,0.004-0.059,0.006-0.09,0.006c-0.654,0-1.283-0.132-1.859-0.371 c-0.6-0.248-1.137-0.609-1.583-1.056c-0.445-0.445-0.806-0.98-1.055-1.58H0.371C0.132,62.726,0,62.097,0,61.44 c0-0.655,0.132-1.283,0.371-1.859c0.249-0.6,0.61-1.137,1.056-1.583c0.881-0.881,2.098-1.426,3.442-1.426 c0.031,0,0.061,0.002,0.09,0.006l51.62,0l0-51.62C56.575,4.928,56.573,4.898,56.573,4.868L56.573,4.868z\"\/><\/g><\/svg>\r\n\r\n                        <svg class=\"fill-white minus hidden transform transition ease duration-300 h-6 w-6\" xmlns=\"http:\/\/www.w3.org\/2000\/svg\" xmlns:xlink=\"http:\/\/www.w3.org\/1999\/xlink\" version=\"1.1\" id=\"Layer_1\" x=\"0px\" y=\"0px\"  viewBox=\"0 0 122.881 9.737\" enable-background=\"new 0 0 122.881 9.737\" xml:space=\"preserve\"><g><path d=\"M117.922,0.006C117.951,0.002,117.982,0,118.012,0c0.656,0,1.285,0.132,1.861,0.371c0.014,0.005,0.025,0.011,0.037,0.017 c0.584,0.248,1.107,0.603,1.543,1.039c0.881,0.88,1.428,2.098,1.428,3.441c0,0.654-0.133,1.283-0.371,1.859 c-0.248,0.6-0.609,1.137-1.057,1.583c-0.445,0.445-0.98,0.806-1.58,1.055v0.001c-0.576,0.238-1.205,0.37-1.861,0.37 c-0.029,0-0.061-0.002-0.09-0.006c-37.654,0-75.309,0.001-112.964,0.001c-0.029,0.004-0.059,0.006-0.09,0.006 c-0.654,0-1.283-0.132-1.859-0.371c-0.6-0.248-1.137-0.609-1.583-1.056C0.981,7.865,0.621,7.33,0.372,6.73H0.371 C0.132,6.154,0,5.525,0,4.869C0,4.215,0.132,3.586,0.371,3.01c0.249-0.6,0.61-1.137,1.056-1.583 c0.881-0.881,2.098-1.426,3.442-1.426c0.031,0,0.061,0.002,0.09,0.006C42.613,0.006,80.268,0.006,117.922,0.006L117.922,0.006z\"\/><\/g><\/svg>\r\n                    \r\n                <\/div>\r\n                <div class=\"text-secondary transition ease duration-300 order-2\">\r\n                    Importante                <\/div>\r\n                \r\n            <\/div>\r\n            <div class=\"max-h-0 px-4 overflow-hidden ease duration-500 content\">\r\n                <div class=\"p-2 text-gray-400 text-justify\">\r\n                <p class=\"texto11\">Respecto a la informaci\u00f3n aportada en el formulario de \u00abtrabaje con nosotros\u00bb:<\/p>\n<ul class=\"texto10\">\n<li>En cumplimiento de la Ley Org\u00e1nica de Protecci\u00f3n de Datos 15\/1999, sus datos se incorporar\u00e1n a un fichero del que es responsable Cl\u00ednica Ochoa, con la finalidad de gestionar las consultas planteadas en este correo electr\u00f3nico y la relaci\u00f3n que mantenga Cl\u00ednica Ochoa con usted e incluirle en el desarrollo de las actividades propias de Hospital Ochoa.<\/li>\n<li>Usted podr\u00e1 ejercer sus derechos de acceso, rectificaci\u00f3n, cancelaci\u00f3n y oposici\u00f3n dirigi\u00e9ndose por escrito a Hospital Ochoa a trav\u00e9s de la direcci\u00f3n de e-mail info@hospitalochoa.com<\/li>\n<li>Al enviar mediante click en el bot\u00f3n de env\u00edo el formulario de correo, consideramos como le\u00edda y aceptada nuestra pol\u00edtica de privacidad.<\/li>\n<\/ul>\n                <\/div>\r\n            <\/div>\r\n        <\/div>\r\n                \r\n    \r\n<\/div>\r\n\r\n\n\n\n\n<div style=\"height:30px\" aria-hidden=\"true\" class=\"wp-block-spacer\"><\/div>\n\n\n\n<div style=\"height:50px\" aria-hidden=\"true\" class=\"wp-block-spacer\"><\/div>\n\n\n\n<div class=\"wp-block-contact-form-7-contact-form-selector ordenador50_movil100\">\n<div class=\"wpcf7 no-js\" id=\"wpcf7-f8667-o1\" lang=\"es-ES\" dir=\"ltr\" data-wpcf7-id=\"8667\">\n<div class=\"screen-reader-response\"><p role=\"status\" aria-live=\"polite\" aria-atomic=\"true\"><\/p> <ul><\/ul><\/div>\n<form action=\"\/es\/wp-json\/wp\/v2\/pages\/8603#wpcf7-f8667-o1\" method=\"post\" class=\"wpcf7-form init\" aria-label=\"Formulario de contacto\" enctype=\"multipart\/form-data\" novalidate=\"novalidate\" data-status=\"init\">\n<fieldset class=\"hidden-fields-container\"><input type=\"hidden\" name=\"_wpcf7\" value=\"8667\" \/><input type=\"hidden\" name=\"_wpcf7_version\" value=\"6.1.5\" \/><input type=\"hidden\" name=\"_wpcf7_locale\" value=\"es_ES\" \/><input type=\"hidden\" name=\"_wpcf7_unit_tag\" value=\"wpcf7-f8667-o1\" \/><input type=\"hidden\" name=\"_wpcf7_container_post\" value=\"0\" \/><input type=\"hidden\" name=\"_wpcf7_posted_data_hash\" value=\"\" \/>\n<\/fieldset>\n<div id=\"job\" class=\"form-wrapper flex flex-wrap max-w-lg mx-auto lg:ml-0\">\n\t<div class=\"w-full row col\">\n\t\t<p><label> Nombre*<\/label><br \/>\n<span class=\"wpcf7-form-control-wrap\" data-name=\"your-name\"><input size=\"40\" maxlength=\"400\" class=\"wpcf7-form-control wpcf7-text wpcf7-validates-as-required border px-4 py-2 w-full\" aria-required=\"true\" aria-invalid=\"false\" placeholder=\"Nombre*\" value=\"\" type=\"text\" name=\"your-name\" \/><\/span>\n\t\t<\/p>\n\t<\/div>\n\t<div class=\"w-full row col\">\n\t\t<p><label> Tel\u00e9fono<\/label><br \/>\n<span class=\"wpcf7-form-control-wrap\" data-name=\"your-tel\"><input size=\"40\" maxlength=\"400\" class=\"wpcf7-form-control wpcf7-tel wpcf7-text wpcf7-validates-as-tel border px-4 py-2 w-full\" aria-invalid=\"false\" placeholder=\"Tel\u00e9fono\" value=\"\" type=\"tel\" name=\"your-tel\" \/><\/span>\n\t\t<\/p>\n\t<\/div>\n\t<div class=\"w-full row col\">\n\t\t<p><label> Email*<\/label><br \/>\n<span class=\"wpcf7-form-control-wrap\" data-name=\"your-email\"><input size=\"40\" maxlength=\"400\" class=\"wpcf7-form-control wpcf7-email wpcf7-validates-as-required wpcf7-text wpcf7-validates-as-email border px-4 py-2 w-full\" aria-required=\"true\" aria-invalid=\"false\" placeholder=\"Tu correo electr\u00f3nico*\" value=\"\" type=\"email\" name=\"your-email\" \/><\/span>\n\t\t<\/p>\n\t<\/div>\n\t<div class=\"w-full row col\">\n\t\t<p><label> Puesto laboral*<\/label><br \/>\n<span class=\"wpcf7-form-control-wrap\" data-name=\"menu-puesto\"><select class=\"wpcf7-form-control wpcf7-select wpcf7-validates-as-required border px-4 py-2 w-full\" aria-required=\"true\" aria-invalid=\"false\" name=\"menu-puesto\"><option value=\"\">Elige tu puesto<\/option><option value=\"Enfermero\/a\">Enfermero\/a<\/option><\/select><\/span>\n\t\t<\/p>\n\t<\/div>\n\t<div class=\"w-full row\">\n\t\t<p><label> Sube tu curr\u00edculum*<\/label><br \/>\n<span class=\"wpcf7-form-control-wrap\" data-name=\"curriculum\"><input size=\"40\" class=\"wpcf7-form-control wpcf7-file wpcf7-validates-as-required\" id=\"curriculum\" accept=\".pdf,.jpg,.jpeg\" aria-required=\"true\" aria-invalid=\"false\" type=\"file\" name=\"curriculum\" \/><\/span>\n\t\t<\/p>\n\t<\/div>\n\t<div class=\"w-full row\">\n\t\t<p><label> Nota<\/label><br \/>\n<span class=\"wpcf7-form-control-wrap\" data-name=\"your-message\"><textarea cols=\"40\" rows=\"4\" maxlength=\"2000\" class=\"wpcf7-form-control wpcf7-textarea border px-4 py-2 w-full\" aria-invalid=\"false\" placeholder=\"Informaci\u00f3n adicional\" name=\"your-message\"><\/textarea><\/span>\n\t\t<\/p>\n\t<\/div>\n\t<div class=\"w-full row\">\n\t\t<p><span class=\"wpcf7-form-control-wrap\" data-name=\"your-acceptance\"><span class=\"wpcf7-form-control wpcf7-acceptance\"><span class=\"wpcf7-list-item\"><input type=\"checkbox\" name=\"your-acceptance\" value=\"1\" aria-invalid=\"false\" \/><\/span><\/span><\/span> He le\u00eddo y acepto la <a class=\"text-primary hover:text-secondary\" href=\"https:\/\/hospitalochoa.com\/es\/politica-de-privacidad\/\" target=\"_blank\">Pol\u00edtica de Privacidad<\/a>\n\t\t<\/p>\n\t<\/div>\n\t<div class=\"w-full row\">\n\t\t<p><span class=\"block text-center\">Introduzca los caracteres para enviar el formulario<br \/>\n<input type=\"hidden\" name=\"_wpcf7_captcha_challenge_captcha-1\" value=\"2451464957\" \/><img decoding=\"async\" class=\"wpcf7-form-control wpcf7-captchac wpcf7-captcha-captcha-1\" width=\"72\" height=\"24\" alt=\"captcha\" src=\"https:\/\/hospitalochoa.com\/wp-content\/uploads\/wpcf7_captcha\/2451464957.png\" \/> <span class=\"wpcf7-form-control-wrap\" data-name=\"captcha-1\"><input size=\"40\" class=\"wpcf7-form-control wpcf7-captchar\" autocomplete=\"off\" aria-invalid=\"false\" value=\"\" type=\"text\" name=\"captcha-1\" \/><\/span> <\/span>\n\t\t<\/p>\n\t<\/div>\n\t<p><span id=\"wpcf7-69e040673269e-wrapper\" class=\"wpcf7-form-control-wrap senuelo-wrap\" style=\"display:none !important; visibility:hidden !important;\"><input id=\"senuelo\"  class=\"wpcf7-form-control wpcf7-text\" type=\"text\" name=\"senuelo\" value=\"\" size=\"40\" tabindex=\"-1\" autocomplete=\"new-password\" \/><\/span>\n\t<\/p>\n\t<div class=\"w-full row\">\n\t\t<p><input class=\"wpcf7-form-control wpcf7-submit has-spinner bg-secondary rounded-full text-white w-full\" type=\"submit\" value=\"Enviar\" \/>\n\t\t<\/p>\n\t<\/div>\n<\/div><p style=\"display: none !important;\" class=\"akismet-fields-container\" data-prefix=\"_wpcf7_ak_\"><label>&#916;<textarea name=\"_wpcf7_ak_hp_textarea\" cols=\"45\" rows=\"8\" maxlength=\"100\"><\/textarea><\/label><input type=\"hidden\" id=\"ak_js_1\" name=\"_wpcf7_ak_js\" value=\"39\"\/><script>document.getElementById( \"ak_js_1\" ).setAttribute( \"value\", ( new Date() ).getTime() );<\/script><\/p><div class=\"wpcf7-response-output\" aria-hidden=\"true\"><\/div>\n<\/form>\n<\/div>\n<\/div>\n<\/section>\n<\/div>\n<\/div>\n","protected":false},"excerpt":{"rendered":"<p>Le invitamos a formar parte de Hospital Ochoa. Puede enviarnos sus datos a trav\u00e9s del formulario de contacto que encontrar\u00e1 m\u00e1s abajo. Es necesario que adjunta su Curriculum Vitae.Nos pondremos en contacto con usted lo antes posible. Enfermero\/a Oferta publicada el 16\/0\/2022 N\u00ba de vacantes 5 Ubicaci\u00f3n: Marbella, M\u00e1laga (Espa\u00f1a) Presencial Salario: 24.000\u20ac Bruto\/a\u00f1o Jornada [&hellip;]<\/p>\n","protected":false},"author":8,"featured_media":0,"parent":0,"menu_order":0,"comment_status":"closed","ping_status":"closed","template":"","meta":{"_acf_changed":false,"inline_featured_image":false,"footnotes":""},"class_list":["post-8603","page","type-page","status-publish","hentry"],"acf":[],"_links":{"self":[{"href":"https:\/\/hospitalochoa.com\/es\/wp-json\/wp\/v2\/pages\/8603","targetHints":{"allow":["GET"]}}],"collection":[{"href":"https:\/\/hospitalochoa.com\/es\/wp-json\/wp\/v2\/pages"}],"about":[{"href":"https:\/\/hospitalochoa.com\/es\/wp-json\/wp\/v2\/types\/page"}],"author":[{"embeddable":true,"href":"https:\/\/hospitalochoa.com\/es\/wp-json\/wp\/v2\/users\/8"}],"replies":[{"embeddable":true,"href":"https:\/\/hospitalochoa.com\/es\/wp-json\/wp\/v2\/comments?post=8603"}],"version-history":[{"count":0,"href":"https:\/\/hospitalochoa.com\/es\/wp-json\/wp\/v2\/pages\/8603\/revisions"}],"wp:attachment":[{"href":"https:\/\/hospitalochoa.com\/es\/wp-json\/wp\/v2\/media?parent=8603"}],"curies":[{"name":"wp","href":"https:\/\/api.w.org\/{rel}","templated":true}]}}