{"id":943,"date":"2022-06-30T09:29:59","date_gmt":"2022-06-30T09:29:59","guid":{"rendered":"https:\/\/hospitalochoa.com\/?page_id=943"},"modified":"2026-03-06T16:58:50","modified_gmt":"2026-03-06T14:58:50","slug":"club-ochoa","status":"publish","type":"page","link":"https:\/\/hospitalochoa.com\/es\/club-ochoa\/","title":{"rendered":"Club OCHOA"},"content":{"rendered":"\r\n<section id=\"ventajas\" class=\"wp-block-group mx-auto py-12 block-1 is-vertical is-content-justification-center is-layout-flex wp-container-core-group-is-layout-ce155fab wp-block-group-is-layout-flex\">\r\n<p class=\"has-text-align-center\">Prestaci\u00f3n de servicios m\u00e9dicos con atenci\u00f3n personalizada y exclusiva a precios reducidos en <br \/><a href=\"https:\/\/hospitalochoa.com\/es\/\">Hospital Ochoa.<\/a><\/p>\r\n\r\n\r\n\r\n<div class=\"wp-block-spacer wp-container-content-cf2db169\" style=\"height: 0px;\" aria-hidden=\"true\">\u00a0<\/div>\r\n\r\n\r\n\r\n<div class=\"flip-cards-wrapper flex flex-col flex-wrap lg:flex-row lg:flex-nowrap gap-8\">\r\n\r\n        \r\n    <div class=\"flip-card w-full min-h-[220px] max-w-md bg-transparent\" style=\"perspective: 1000px;\">\r\n        <div class=\"flip-card-inner relative w-full h-full text-center\" style=\"transition: transform 0.8s;transform-style: preserve-3d;\" >\r\n                        <!-- front -->\r\n            <div class=\"flip-card-front flex flex-col justify-center items-center h-full min-h-[220px] w-full absolute rounded-lg p-5\" style=\"-webkit-backface-visibility: hidden;backface-visibility: hidden; background-color: #ffffff; color: #144257\">\r\n\r\n                                <img decoding=\"async\" class=\"h-12 w-12\" src=\"https:\/\/hospitalochoa.com\/wp-content\/uploads\/2022\/06\/clubochoa-check-round.svg\" alt=\"Ventajas\">\r\n                \r\n                <span class=\"title text-3xl font-light mt-3 block\" style=\"color:#144257\">\r\n                    Ventajas                <\/span>\r\n            <\/div>\r\n\r\n            <!-- back -->\r\n            <div class=\"flip-card-back flex flex-col justify-center items-center h-full w-full min-h-[220px] rounded-lg !p-5\" style=\"-webkit-backface-visibility: hidden;backface-visibility: hidden;transform: rotateY(180deg);background-color: #ffffff; color: #144257\">\r\n\r\n                \r\n                <div class=\"content w-full \" style=\"color:#144257\">\r\n                    <ul>\n<li>Disfrutar\u00e1 de los servicios desde el primer d\u00eda<\/li>\n<li>Sin l\u00edmites de edad<\/li>\n<li>Sin carencias ni exclusiones<\/li>\n<li>Cuotas familiares e individuales<\/li>\n<li>etc.<\/li>\n<\/ul>\n                    <style>.content p {color:#144257}<\/style>\r\n                <\/div>\r\n\r\n                \r\n            <\/div>\r\n        <\/div>\r\n    <\/div>\r\n        \r\n        \r\n    <div class=\"flip-card w-full min-h-[220px] max-w-md bg-transparent\" style=\"perspective: 1000px;\">\r\n        <div class=\"flip-card-inner relative w-full h-full text-center\" style=\"transition: transform 0.8s;transform-style: preserve-3d;\" >\r\n                        <!-- front -->\r\n            <div class=\"flip-card-front flex flex-col justify-center items-center h-full min-h-[220px] w-full absolute rounded-lg p-5\" style=\"-webkit-backface-visibility: hidden;backface-visibility: hidden; background-color: #ffffff; color: #144257\">\r\n\r\n                                <img decoding=\"async\" class=\"h-12 w-12\" src=\"https:\/\/hospitalochoa.com\/wp-content\/uploads\/2022\/06\/clubochoa-urgencias-round.svg\" alt=\"Urgencias 24h\">\r\n                \r\n                <span class=\"title text-3xl font-light mt-3 block\" style=\"color:#144257\">\r\n                    Urgencias 24h                <\/span>\r\n            <\/div>\r\n\r\n            <!-- back -->\r\n            <div class=\"flip-card-back flex flex-col justify-center items-center h-full w-full min-h-[220px] rounded-lg !p-5\" style=\"-webkit-backface-visibility: hidden;backface-visibility: hidden;transform: rotateY(180deg);background-color: #0294a9; color: #ffffff\">\r\n\r\n                \r\n                <div class=\"content w-full \" style=\"color:#ffffff\">\r\n                    <p style=\"text-align: center;\">Urgencias 24 h todos los<br \/>\nd\u00edas del a\u00f1o por s\u00f3lo<\/p>\n<p>(Incluye: inyectable, rx simple, anal\u00edtica de urgencias, inmovilizaciones, medicaci\u00f3n.)<\/p>\n                    <style>.content p {color:#ffffff}<\/style>\r\n                <\/div>\r\n\r\n                                <span class=\"especial-text text-4xl\" style=\"color:#ffffff\">\r\n                    40\u20ac                <\/span>\r\n                \r\n            <\/div>\r\n        <\/div>\r\n    <\/div>\r\n        \r\n        \r\n    <div class=\"flip-card w-full min-h-[220px] max-w-md bg-transparent\" style=\"perspective: 1000px;\">\r\n        <div class=\"flip-card-inner relative w-full h-full text-center\" style=\"transition: transform 0.8s;transform-style: preserve-3d;\" >\r\n                        <!-- front -->\r\n            <div class=\"flip-card-front flex flex-col justify-center items-center h-full min-h-[220px] w-full absolute rounded-lg p-5\" style=\"-webkit-backface-visibility: hidden;backface-visibility: hidden; background-color: #ffffff; color: #144257\">\r\n\r\n                                <img decoding=\"async\" class=\"h-12 w-12\" src=\"https:\/\/hospitalochoa.com\/wp-content\/uploads\/2022\/06\/clubochoa-le-llamamos.svg\" alt=\"Le llamamos\">\r\n                \r\n                <span class=\"title text-3xl font-light mt-3 block\" style=\"color:#144257\">\r\n                    Le llamamos                <\/span>\r\n            <\/div>\r\n\r\n            <!-- back -->\r\n            <div class=\"flip-card-back flex flex-col justify-center items-center h-full w-full min-h-[220px] rounded-lg !p-5\" style=\"-webkit-backface-visibility: hidden;backface-visibility: hidden;transform: rotateY(180deg);background-color: #144257; color: #ffffff\">\r\n\r\n                \r\n                <div class=\"content w-full \" style=\"color:#ffffff\">\r\n                    \n<div class=\"wpcf7 no-js\" id=\"wpcf7-f1017-o1\" lang=\"es-ES\" dir=\"ltr\" data-wpcf7-id=\"1017\">\n<div class=\"screen-reader-response\"><p role=\"status\" aria-live=\"polite\" aria-atomic=\"true\"><\/p> <ul><\/ul><\/div>\n<form action=\"\/es\/wp-json\/wp\/v2\/pages\/943#wpcf7-f1017-o1\" method=\"post\" class=\"wpcf7-form init\" aria-label=\"Formulario de contacto\" novalidate=\"novalidate\" data-status=\"init\">\n<fieldset class=\"hidden-fields-container\"><input type=\"hidden\" name=\"_wpcf7\" value=\"1017\" \/><input type=\"hidden\" name=\"_wpcf7_version\" value=\"6.1.5\" \/><input type=\"hidden\" name=\"_wpcf7_locale\" value=\"es_ES\" \/><input type=\"hidden\" name=\"_wpcf7_unit_tag\" value=\"wpcf7-f1017-o1\" \/><input type=\"hidden\" name=\"_wpcf7_container_post\" value=\"0\" \/><input type=\"hidden\" name=\"_wpcf7_posted_data_hash\" value=\"\" \/>\n<\/fieldset>\n<div class=\"form-wrapper flex flex-wrap max-w-lg mx-auto lg:ml-0\">\n\t<div class=\"w-full row\">\n\t\t<p><span class=\"wpcf7-form-control-wrap\" data-name=\"your-tel\"><input size=\"40\" maxlength=\"400\" class=\"wpcf7-form-control wpcf7-tel wpcf7-validates-as-required wpcf7-text wpcf7-validates-as-tel border px-4 py-2 w-full\" aria-required=\"true\" aria-invalid=\"false\" placeholder=\"Su n\u00famero de tel\u00e9fono*\" value=\"\" type=\"tel\" name=\"your-tel\" \/><\/span>\n\t\t<\/p>\n\t<\/div>\n\t<div class=\"w-full row\">\n\t\t<p><span class=\"wpcf7-form-control-wrap\" data-name=\"your-name\"><input size=\"40\" maxlength=\"400\" class=\"wpcf7-form-control wpcf7-text wpcf7-validates-as-required border px-4 py-2 w-full\" aria-required=\"true\" aria-invalid=\"false\" placeholder=\"Su nombre y apellidos*\" value=\"\" type=\"text\" name=\"your-name\" \/><\/span>\n\t\t<\/p>\n\t<\/div>\n\t<div class=\"w-full row\">\n\t\t<p><span class=\"wpcf7-form-control-wrap\" data-name=\"your-acceptance\"><span class=\"wpcf7-form-control wpcf7-acceptance\"><span class=\"wpcf7-list-item\"><input type=\"checkbox\" name=\"your-acceptance\" value=\"1\" aria-invalid=\"false\" \/><\/span><\/span><\/span> He le\u00eddo y acepto la <a class=\"text-primary hover:text-secondary\" href=\"https:\/\/hospitalochoa.com\/es\/politica-de-privacidad\/\" target=\"_blank\">Pol\u00edtica de Privacidad<\/a>\n\t\t<\/p>\n\t<\/div>\n\t<div class=\"w-full row\">\n\t\t<p><span class=\"block text-center\">Introduzca los caracteres para enviar el formulario<br \/>\n<input type=\"hidden\" name=\"_wpcf7_captcha_challenge_captcha-1\" value=\"2404077775\" \/><img decoding=\"async\" class=\"wpcf7-form-control wpcf7-captchac wpcf7-captcha-captcha-1\" width=\"72\" height=\"24\" alt=\"captcha\" src=\"https:\/\/hospitalochoa.com\/wp-content\/uploads\/wpcf7_captcha\/2404077775.png\" \/> <span class=\"wpcf7-form-control-wrap\" data-name=\"captcha-1\"><input size=\"40\" class=\"wpcf7-form-control wpcf7-captchar\" autocomplete=\"off\" aria-invalid=\"false\" value=\"\" type=\"text\" name=\"captcha-1\" \/><\/span> <\/span>\n\t\t<\/p>\n\t<\/div>\n\t<p><span id=\"wpcf7-69e76d3595673-wrapper\" class=\"wpcf7-form-control-wrap senuelo-wrap\" style=\"display:none !important; visibility:hidden !important;\"><input id=\"senuelo\"  class=\"wpcf7-form-control wpcf7-text\" type=\"text\" name=\"senuelo\" value=\"\" size=\"40\" tabindex=\"-1\" autocomplete=\"new-password\" \/><\/span>\n\t<\/p>\n\t<div class=\"w-full row\">\n\t\t<p><input class=\"wpcf7-form-control wpcf7-submit has-spinner bg-secondary rounded-full text-white w-full\" type=\"submit\" value=\"Enviar\" \/>\n\t\t<\/p>\n\t<\/div>\n<\/div><p style=\"display: none !important;\" class=\"akismet-fields-container\" data-prefix=\"_wpcf7_ak_\"><label>&#916;<textarea name=\"_wpcf7_ak_hp_textarea\" cols=\"45\" rows=\"8\" maxlength=\"100\"><\/textarea><\/label><input type=\"hidden\" id=\"ak_js_1\" name=\"_wpcf7_ak_js\" value=\"199\"\/><script>document.getElementById( \"ak_js_1\" ).setAttribute( \"value\", ( new Date() ).getTime() );<\/script><\/p><div class=\"wpcf7-response-output\" aria-hidden=\"true\"><\/div>\n<\/form>\n<\/div>\n\n                    <style>.content p {color:#ffffff}<\/style>\r\n                <\/div>\r\n\r\n                \r\n            <\/div>\r\n        <\/div>\r\n    <\/div>\r\n        \r\n    <\/div>\r\n\r\n<!-- <pre>\r\n    <\/pre> -->\r\n\r\n\r\n\n<\/section>\r\n\r\n\r\n\r\n<section class=\"wp-block-group mx-auto py-10 block-2 is-vertical is-content-justification-center is-layout-flex wp-container-core-group-is-layout-ce155fab wp-block-group-is-layout-flex\">\r\n<p class=\"has-text-align-center\">Sin l\u00edmites de edad, sin carencias y sin exclusiones<\/p>\r\n\r\n\r\n\r\n<p class=\"has-text-align-center text-primary\">Podr\u00e1 disfrutar de los servicios desde el primer d\u00eda.<\/p>\r\n<\/section>\r\n\r\n\r\n\r\n<div id=\"precios\" class=\"wp-block-columns alignfull row-shadow block-3 is-layout-flex wp-container-core-columns-is-layout-28f84493 wp-block-columns-is-layout-flex\">\r\n<div class=\"wp-block-column is-vertically-aligned-center is-layout-constrained wp-container-core-column-is-layout-15c356c4 wp-block-column-is-layout-constrained\" style=\"flex-basis: 100%;\">\r\n<div class=\"wp-block-cover is-light\"><img decoding=\"async\" width=\"1920\" height=\"669\" class=\"wp-block-cover__image-background wp-image-1029\" src=\"https:\/\/hospitalochoa.com\/wp-content\/uploads\/2022\/07\/background.min_.jpg\" alt=\"\" data-object-fit=\"cover\" srcset=\"https:\/\/hospitalochoa.com\/wp-content\/uploads\/2022\/07\/background.min_.jpg 1920w, https:\/\/hospitalochoa.com\/wp-content\/uploads\/2022\/07\/background.min_-300x105.jpg 300w, https:\/\/hospitalochoa.com\/wp-content\/uploads\/2022\/07\/background.min_-1024x357.jpg 1024w, https:\/\/hospitalochoa.com\/wp-content\/uploads\/2022\/07\/background.min_-768x268.jpg 768w, https:\/\/hospitalochoa.com\/wp-content\/uploads\/2022\/07\/background.min_-1536x535.jpg 1536w\" sizes=\"(max-width: 1920px) 100vw, 1920px\" \/>\r\n<div class=\"wp-block-cover__inner-container is-layout-flow wp-block-cover-is-layout-flow\">    \r\n\r\n<span class=\"switcher switcher-1 relative block text-center py-5 py-md-0\" id=\"switch-card\">\r\n    \r\n    <input class=\"pricing peer hidden\" type=\"checkbox\" id=\"pricing\" name=\"pricing\"\/>\r\n    <label for=\"pricing\" class=\"\r\n        w-full max-w-[288px] h-12 relative block text-center rounded-full py-0 mx-auto cursor-pointer overflow-hidden\r\n\r\n        before:absolute before:-z-10 before:bg-grey before:w-full before:h-full before:block before:top-0 before:left-0\r\n\r\n        peer-checked:after:bg-primary \r\n\r\n        after:absolute after:-z-0 after:bg-secondary after:max-w-[144px] after:w-full after:h-11 after:block after:top-[2px] after:left-[2px] after:rounded-full after:transition-all after:duration-300\r\n\r\n        peer-checked:after:left-[142px]\r\n    \">\r\n        <div class=\"text-wrapper flex flex-wrap items-center w-full h-full\">\r\n\r\n            <span class=\"first-option block text-center text-white relative z-10 w-1\/2 font-light uppercase\">Familiar<\/span>\r\n            <span class=\"second-option text-secondary block text-center relative z-10 w-1\/2 font-light uppercase\">Individual<\/span>\r\n        <\/div>\r\n        \r\n    <\/label>\r\n\r\n    \r\n\r\n    <div class=\"flip-card mx-auto mt-7 w-full min-h-[365px] max-w-[350px] bg-transparent\" style=\"perspective: 1000px;\">\r\n        <div class=\"flip-card-inner relative w-full h-full text-center\" style=\"transition: transform 0.8s;transform-style: preserve-3d;\" >\r\n                        <!-- front -->\r\n            <div class=\"flip-card-front flex flex-col justify-start items-center h-full min-h-[365px] w-full absolute rounded-lg p-5\" style=\"-webkit-backface-visibility: hidden;backface-visibility: hidden; background-color: #00afbc; color: #ffffff\">\r\n\r\n                                <figure class=\"bg-white rounded-full w-32 h-32 flex items-center justify-center\">\r\n                    <img decoding=\"async\" class=\"h-24 w-24\" src=\"https:\/\/hospitalochoa.com\/wp-content\/uploads\/2022\/07\/cuota-familiar-1.svg\" alt=\"Cuota anual familiar\">\r\n                    \r\n                <\/figure>\r\n                \r\n                                <span class=\"title text-2xl font-light my-3 block\" style=\"color:#ffffff\">\r\n                    Cuota anual <strong>familiar<\/strong>                <\/span>\r\n                \r\n                                <span class=\"especial-text text-4xl mb-2\" style=\"color:#ffffff\">\r\n                    195\u20ac                <\/span>\r\n                \r\n                <div class=\"content w-full \" style=\"color:#ffffff\">\r\n                    <p>* Familiares de primer grado (n\u00facleo familiar) o para personas que convivan en el mismo domicilio<\/p>\n                    <style>.content p {color:#ffffff}<\/style>\r\n                <\/div>\r\n\r\n            <\/div>\r\n\r\n            <!-- back -->\r\n            <div class=\"flip-card-back flex flex-col justify-start items-center h-full w-full min-h-[365px] rounded-lg !p-5\" style=\"-webkit-backface-visibility: hidden;backface-visibility: hidden;transform: rotateY(180deg);background-color: #00afbc; color: #ffffff\">\r\n\r\n                                <figure class=\"bg-white rounded-full w-32 h-32 flex items-center justify-center\">\r\n                    <img decoding=\"async\" class=\"h-24 w-24\" src=\"https:\/\/hospitalochoa.com\/wp-content\/uploads\/2022\/07\/cuota-individual.svg\" alt=\"Cuota anual individual\">\r\n                <\/figure>\r\n                \r\n                                <span class=\"back-title title text-2xl font-light my-3 block\" style=\"color:#ffffff\">\r\n                    Cuota anual <strong>individual<\/strong>                <\/span>\r\n                \r\n                                <span class=\"especial-text text-4xl mb-2\" style=\"color:#ffffff\">\r\n                    135\u20ac                <\/span>\r\n                \r\n                <div class=\"content w-full \" style=\"color:#ffffff\">\r\n                                        <style>.content p {color:#ffffff}<\/style>\r\n                <\/div>\r\n\r\n            <\/div>\r\n        <\/div>\r\n    <\/div>\r\n<\/span>\r\n\n<\/div>\r\n<\/div>\r\n<\/div>\r\n<\/div>\r\n\r\n\r\n\r\n<div class=\"wp-block-spacer\" style=\"height: 60px;\" aria-hidden=\"true\">\u00a0<\/div>\r\n\r\n\r\n\r\n<section id=\"servicios\" class=\"wp-block-group block-4 is-vertical is-content-justification-center is-layout-flex wp-container-core-group-is-layout-ce155fab wp-block-group-is-layout-flex\">\r\n<h2 class=\"wp-block-heading has-text-align-center font-light text-header\">Precios reducidos con la tarjeta CLUB OCHOA<\/h2>\r\n\r\n\r\n\r\n<figure class=\"wp-block-table\">\r\n<table class=\"has-fixed-layout\">\r\n<thead>\r\n<tr>\r\n<th>\u00a0<\/th>\r\n<th class=\"has-text-align-center\" data-align=\"center\">CLUB OCHOA<\/th>\r\n<th class=\"has-text-align-center\" data-align=\"center\">TARIFA<\/th>\r\n<\/tr>\r\n<\/thead>\r\n<tbody>\r\n<tr>\r\n<td>Urgencias (Incluye: inyectable, rx simple, anal\u00edtica de urgencias, inmovilizaciones, medicaci\u00f3n.)<\/td>\r\n<td class=\"has-text-align-center\" data-align=\"center\">40\u20ac<\/td>\r\n<td class=\"has-text-align-center\" data-align=\"center\">196\u20ac<\/td>\r\n<\/tr>\r\n<tr>\r\n<td>Consulta especialista<\/td>\r\n<td class=\"has-text-align-center\" data-align=\"center\">58,20\u20ac<\/td>\r\n<td class=\"has-text-align-center\" data-align=\"center\">170\u20ac<\/td>\r\n<\/tr>\r\n<tr>\r\n<td>Consulta pediatr\u00eda<\/td>\r\n<td class=\"has-text-align-center\" data-align=\"center\">79,50\u20ac<\/td>\r\n<td class=\"has-text-align-center\" data-align=\"center\">120\u20ac<\/td>\r\n<\/tr>\r\n<tr>\r\n<td>Consulta de podolog\u00eda<\/td>\r\n<td class=\"has-text-align-center\" data-align=\"center\">30\u20ac<\/td>\r\n<td class=\"has-text-align-center\" data-align=\"center\">36\u20ac<\/td>\r\n<\/tr>\r\n<tr>\r\n<td>Revisi\u00f3n ginecolog\u00eda con eco. + cito.<\/td>\r\n<td class=\"has-text-align-center\" data-align=\"center\">132,50\u20ac<\/td>\r\n<td class=\"has-text-align-center\" data-align=\"center\">211\u20ac<\/td>\r\n<\/tr>\r\n<tr>\r\n<td>Revisi\u00f3n urol\u00f3gica + ecograf\u00eda<\/td>\r\n<td class=\"has-text-align-center\" data-align=\"center\">132,50\u20ac<\/td>\r\n<td class=\"has-text-align-center\" data-align=\"center\">165\u20ac<\/td>\r\n<\/tr>\r\n<tr>\r\n<td>An\u00e1lisis cl\u00ednicos<\/td>\r\n<td class=\"has-text-align-center\" data-align=\"center\">-35%<\/td>\r\n<td class=\"has-text-align-center\" data-align=\"center\">&#8212;<\/td>\r\n<\/tr>\r\n<tr>\r\n<td>Rehabilitaci\u00f3n (1 sesi\u00f3n)<\/td>\r\n<td class=\"has-text-align-center\" data-align=\"center\">16\u20ac<\/td>\r\n<td class=\"has-text-align-center\" data-align=\"center\">26\u20ac<\/td>\r\n<\/tr>\r\n<\/tbody>\r\n<\/table>\r\n<\/figure>\r\n<\/section>\r\n\r\n\r\n\r\n<div class=\"wp-block-spacer\" style=\"height: 80px;\" aria-hidden=\"true\">\u00a0<\/div>\r\n\r\n\r\n\r\n<section class=\"wp-block-group block-5 is-content-justification-center is-nowrap is-layout-flex wp-container-core-group-is-layout-23441af8 wp-block-group-is-layout-flex\">\r\n<div class=\"wp-block-columns is-layout-flex wp-container-core-columns-is-layout-28f84493 wp-block-columns-is-layout-flex\">\r\n<div class=\"wp-block-column is-layout-constrained wp-container-core-column-is-layout-5f53d71c wp-block-column-is-layout-constrained\">\r\n<p class=\"block-title font-light\">Hospital Ochoa<\/p>\r\n\r\n\r\n\r\n<h2 class=\"wp-block-heading block-subtitle font-light\">Expertos en salud<\/h2>\r\n\r\n\r\n<hr class=\"wp-block-separator has-alpha-channel-opacity separator !ml-0\" \/>\r\n\r\n\r\n<p>Hospital Ochoa con m\u00e1s de 25 a\u00f1os de experiencia en medicina privada, cuenta con la \u00faltima tecnolog\u00eda en medios diagn\u00f3sticos y tambi\u00e9n terap\u00e9uticos, ofreciendo un trato humano personalizado a sus pacientes<\/p>\r\n\r\n\r\n\r\n<ul class=\"wp-block-list\">\r\n<li>Urgencias 24 horas<\/li>\r\n\r\n\r\n\r\n<li>36 especialidades m\u00e9dicas<\/li>\r\n\r\n\r\n\r\n<li>M\u00e1s de 150 m\u00e9dicos especialistas<\/li>\r\n\r\n\r\n\r\n<li>Hospitalizaci\u00f3n<\/li>\r\n\r\n\r\n\r\n<li>Pruebas diagn\u00f3sticas de alta resoluci\u00f3n<\/li>\r\n\r\n\r\n\r\n<li>Unidades multidisciplinares<\/li>\r\n<\/ul>\r\n\r\n\r\n\r\n<div class=\"wp-block-spacer\" style=\"height: 30px;\" aria-hidden=\"true\">\u00a0<\/div>\r\n\r\n\r\n\r\n<div class=\"wp-block-buttons is-layout-flex wp-block-buttons-is-layout-flex\">\r\n<div class=\"wp-block-button is-style-outline italic hollow hidden is-style-outline--1\"><a class=\"wp-block-button__link has-primary-color has-text-color wp-element-button\">M\u00e1s servicios<\/a><\/div>\r\n<\/div>\r\n<\/div>\r\n\r\n\r\n\r\n<div class=\"wp-block-column is-vertically-aligned-center is-layout-flow wp-block-column-is-layout-flow\">\r\n<figure class=\"wp-block-image aligncenter size-full\"><img decoding=\"async\" width=\"457\" height=\"320\" class=\"wp-image-1099\" src=\"https:\/\/hospitalochoa.com\/wp-content\/uploads\/2022\/07\/tarjeta-clubochoa.min_.png\" alt=\"\" srcset=\"https:\/\/hospitalochoa.com\/wp-content\/uploads\/2022\/07\/tarjeta-clubochoa.min_.png 457w, https:\/\/hospitalochoa.com\/wp-content\/uploads\/2022\/07\/tarjeta-clubochoa.min_-300x210.png 300w\" sizes=\"(max-width: 457px) 100vw, 457px\" \/><\/figure>\r\n<\/div>\r\n<\/div>\r\n<\/section>\r\n\r\n\r\n\r\n<div class=\"wp-block-spacer\" style=\"height: 100px;\" aria-hidden=\"true\">\u00a0<\/div>\r\n\r\n\r\n\r\n<div class=\"wp-block-columns alignfull block-6 is-layout-flex wp-container-core-columns-is-layout-28f84493 wp-block-columns-is-layout-flex\">\r\n<div class=\"wp-block-column is-layout-flow wp-block-column-is-layout-flow\">\r\n<div class=\"wp-block-cover is-light\" style=\"min-height: 250px;aspect-ratio:unset;\"><img decoding=\"async\" width=\"1920\" height=\"454\" class=\"wp-block-cover__image-background wp-image-1120\" src=\"https:\/\/hospitalochoa.com\/wp-content\/uploads\/2022\/07\/bg-download-rate.min_.jpg\" alt=\"\" data-object-fit=\"cover\" srcset=\"https:\/\/hospitalochoa.com\/wp-content\/uploads\/2022\/07\/bg-download-rate.min_.jpg 1920w, https:\/\/hospitalochoa.com\/wp-content\/uploads\/2022\/07\/bg-download-rate.min_-300x71.jpg 300w, https:\/\/hospitalochoa.com\/wp-content\/uploads\/2022\/07\/bg-download-rate.min_-1024x242.jpg 1024w, https:\/\/hospitalochoa.com\/wp-content\/uploads\/2022\/07\/bg-download-rate.min_-768x182.jpg 768w, https:\/\/hospitalochoa.com\/wp-content\/uploads\/2022\/07\/bg-download-rate.min_-1536x363.jpg 1536w\" sizes=\"(max-width: 1920px) 100vw, 1920px\" \/>\r\n<div class=\"wp-block-cover__inner-container is-layout-flow wp-block-cover-is-layout-flow\">\r\n<figure class=\"wp-block-image aligncenter size-large is-resized\"><a href=\"https:\/\/hospitalochoa.com\/es\/?jet_download=4567\" target=\"_blank\" rel=\"noreferrer noopener\"><img decoding=\"async\" class=\"wp-image-1130\" style=\"width: 41px; height: 55px;\" src=\"https:\/\/hospitalochoa.com\/wp-content\/uploads\/2022\/07\/tabla.svg\" alt=\"\" \/><\/a><\/figure>\r\n\r\n\r\n\r\n<div class=\"wp-block-spacer\" style=\"height: 10px;\" aria-hidden=\"true\">\u00a0<\/div>\r\n\r\n\r\n\r\n<div class=\"wp-block-buttons is-content-justification-center is-layout-flex wp-container-core-buttons-is-layout-a89b3969 wp-block-buttons-is-layout-flex\">\r\n<div class=\"wp-block-button is-style-outline hollow italic text-xl is-style-outline--2\"><a class=\"wp-block-button__link has-secondary-color has-text-color wp-element-button\" href=\"https:\/\/hospitalochoa.com\/wp-content\/uploads\/2026\/03\/club-ochoa-2026.pdf\">Descargar hoja de tarifas<\/a><\/div>\r\n<\/div>\r\n<\/div>\r\n<\/div>\r\n<\/div>\r\n<\/div>\r\n","protected":false},"excerpt":{"rendered":"<p>Prestaci\u00f3n de servicios m\u00e9dicos con atenci\u00f3n personalizada y exclusiva a precios reducidos en Hospital Ochoa. Sin l\u00edmites de edad, sin carencias y sin exclusiones Podr\u00e1 disfrutar de los servicios desde el primer d\u00eda. Precios reducidos con la tarjeta CLUB OCHOA \u00a0 CLUB OCHOA TARIFA Urgencias (Incluye: inyectable, rx simple, anal\u00edtica de urgencias, inmovilizaciones, medicaci\u00f3n.) 40\u20ac [&hellip;]<\/p>\n","protected":false},"author":1,"featured_media":0,"parent":0,"menu_order":0,"comment_status":"closed","ping_status":"closed","template":"page-club-ochoa.php","meta":{"_acf_changed":false,"inline_featured_image":false,"footnotes":""},"class_list":["post-943","page","type-page","status-publish","hentry"],"acf":[],"_links":{"self":[{"href":"https:\/\/hospitalochoa.com\/es\/wp-json\/wp\/v2\/pages\/943","targetHints":{"allow":["GET"]}}],"collection":[{"href":"https:\/\/hospitalochoa.com\/es\/wp-json\/wp\/v2\/pages"}],"about":[{"href":"https:\/\/hospitalochoa.com\/es\/wp-json\/wp\/v2\/types\/page"}],"author":[{"embeddable":true,"href":"https:\/\/hospitalochoa.com\/es\/wp-json\/wp\/v2\/users\/1"}],"replies":[{"embeddable":true,"href":"https:\/\/hospitalochoa.com\/es\/wp-json\/wp\/v2\/comments?post=943"}],"version-history":[{"count":0,"href":"https:\/\/hospitalochoa.com\/es\/wp-json\/wp\/v2\/pages\/943\/revisions"}],"wp:attachment":[{"href":"https:\/\/hospitalochoa.com\/es\/wp-json\/wp\/v2\/media?parent=943"}],"curies":[{"name":"wp","href":"https:\/\/api.w.org\/{rel}","templated":true}]}}